{"id":741,"date":"2022-02-01T23:38:06","date_gmt":"2022-02-01T22:38:06","guid":{"rendered":"https:\/\/aktivitetshuset.vidsel.se\/?page_id=741"},"modified":"2023-01-19T00:26:55","modified_gmt":"2023-01-18T23:26:55","slug":"stora-salen","status":"publish","type":"page","link":"https:\/\/aktivitetshuset.vidsel.se\/index.php\/stora-salen\/","title":{"rendered":"Stora salen"},"content":{"rendered":"\t\t<div data-elementor-type=\"wp-page\" data-elementor-id=\"741\" class=\"elementor elementor-741\" data-elementor-settings=\"[]\">\n\t\t\t\t\t\t\t<div class=\"elementor-section-wrap\">\n\t\t\t\t\t\t\t<section class=\"elementor-section elementor-top-section elementor-element elementor-element-544a17b3 elementor-section-boxed elementor-section-height-default elementor-section-height-default\" data-id=\"544a17b3\" data-element_type=\"section\">\n\t\t\t\t\t\t<div class=\"elementor-container elementor-column-gap-default\">\n\t\t\t\t\t<div class=\"elementor-column elementor-col-100 elementor-top-column elementor-element elementor-element-6e6dbc5c\" data-id=\"6e6dbc5c\" data-element_type=\"column\">\n\t\t\t<div class=\"elementor-widget-wrap elementor-element-populated\">\n\t\t\t\t\t\t\t\t<div class=\"elementor-element elementor-element-26fa974a elementor-widget elementor-widget-heading\" data-id=\"26fa974a\" data-element_type=\"widget\" data-widget_type=\"heading.default\">\n\t\t\t\t<div class=\"elementor-widget-container\">\n\t\t\t<h2 class=\"elementor-heading-title elementor-size-default\">Stora salen<\/h2>\t\t<\/div>\n\t\t\t\t<\/div>\n\t\t\t\t\t<\/div>\n\t\t<\/div>\n\t\t\t\t\t\t\t<\/div>\n\t\t<\/section>\n\t\t\t\t<section class=\"elementor-section elementor-top-section elementor-element elementor-element-7b23c528 elementor-section-boxed elementor-section-height-default elementor-section-height-default\" data-id=\"7b23c528\" data-element_type=\"section\">\n\t\t\t\t\t\t<div class=\"elementor-container elementor-column-gap-default\">\n\t\t\t\t\t<div class=\"elementor-column elementor-col-100 elementor-top-column elementor-element elementor-element-78d47782\" data-id=\"78d47782\" data-element_type=\"column\">\n\t\t\t<div class=\"elementor-widget-wrap elementor-element-populated\">\n\t\t\t\t\t\t\t\t<section class=\"elementor-section elementor-inner-section elementor-element elementor-element-627c3ea8 elementor-section-boxed elementor-section-height-default elementor-section-height-default\" data-id=\"627c3ea8\" data-element_type=\"section\">\n\t\t\t\t\t\t<div class=\"elementor-container elementor-column-gap-default\">\n\t\t\t\t\t<div class=\"elementor-column elementor-col-100 elementor-inner-column elementor-element elementor-element-5b7dff4f\" data-id=\"5b7dff4f\" data-element_type=\"column\">\n\t\t\t<div class=\"elementor-widget-wrap elementor-element-populated\">\n\t\t\t\t\t\t\t\t<div class=\"elementor-element elementor-element-12450edb elementor-widget elementor-widget-text-editor\" data-id=\"12450edb\" data-element_type=\"widget\" data-widget_type=\"text-editor.default\">\n\t\t\t\t<div class=\"elementor-widget-container\">\n\t\t\t\t\t\t\t<p><span style=\"color: #000000;\">Gamla bildsalens diskb\u00e4nk\u00a0 har demonterats och vatten och avlopp har pluggats igen. Vi ha byggt en ny\u00a0<\/span><span style=\"color: #000000;\">6 m l\u00e5ng b\u00e4nk med b\u00e4nkskivor och st\u00e4nkskydd som anv\u00e4nds som avst\u00e4llningsyta vid festligheter. Vi har satt in en ny d\u00f6rr\u00a0<\/span><span style=\"color: #000000;\">till f\u00f6rr\u00e5det som ocks\u00e5 f\u00e5tt nya d\u00f6rrfoder. Vi har byggt om och flyttat e<\/span><span style=\"color: #000000;\">l-uttag samt satt upp nya f<\/span><span style=\"color: #000000;\">j\u00e4rrstyrda Spot Lights i b\u00e5da \u00e4ndarna av salen. Vi har bytt till LED-lysr\u00f6r i samtliga armaturer i rummet. Rummet styrs ocks\u00e5 v\u00e4rme m\u00e4ssigt av v\u00e5rt \u00f6vergripande system f\u00f6r\u00a0 radiatorstyrning och ventilation.<\/span><\/p><p><span style=\"color: #000000;\">Vi har f\u00f6rst\u00e5s ocks\u00e5 spacklat och m\u00e5lat alla v\u00e4ggar och tak, putsat f\u00f6nster, satt upp nya gardiner och <\/span><span style=\"color: #000000;\"><span style=\"color: #000000;\">maskin skurat\u00a0golvet.<\/span><\/span><\/p><p><span style=\"color: #000000;\">Ny finns ocks\u00e5 n\u00e5gra h\u00e4ftiga konstverk uppsatta.<\/span><\/p>\t\t\t\t\t\t<\/div>\n\t\t\t\t<\/div>\n\t\t\t\t\t<\/div>\n\t\t<\/div>\n\t\t\t\t\t\t\t<\/div>\n\t\t<\/section>\n\t\t\t\t\t<\/div>\n\t\t<\/div>\n\t\t\t\t\t\t\t<\/div>\n\t\t<\/section>\n\t\t\t\t<section class=\"elementor-section elementor-top-section elementor-element elementor-element-ffa27eb elementor-section-boxed elementor-section-height-default elementor-section-height-default\" data-id=\"ffa27eb\" data-element_type=\"section\">\n\t\t\t\t\t\t<div class=\"elementor-container elementor-column-gap-default\">\n\t\t\t\t\t<div class=\"elementor-column elementor-col-100 elementor-top-column elementor-element elementor-element-337be3ab\" data-id=\"337be3ab\" data-element_type=\"column\">\n\t\t\t<div class=\"elementor-widget-wrap elementor-element-populated\">\n\t\t\t\t\t\t\t\t<div class=\"elementor-element elementor-element-74ba2959 elementor-widget elementor-widget-image-gallery\" data-id=\"74ba2959\" data-element_type=\"widget\" data-widget_type=\"image-gallery.default\">\n\t\t\t\t<div class=\"elementor-widget-container\">\n\t\t\t\t\t<div class=\"elementor-image-gallery\">\n\t\t\t<div id='gallery-1' class='gallery galleryid-741 gallery-columns-2 gallery-size-small-thumb'><figure class='gallery-item'>\n\t\t\t<div class='gallery-icon landscape'>\n\t\t\t\t<a data-elementor-open-lightbox=\"yes\" data-elementor-lightbox-slideshow=\"74ba2959\" data-elementor-lightbox-title=\"Stora salen innan renovering\" href='https:\/\/aktivitetshuset.vidsel.se\/wp-content\/uploads\/2022\/02\/FB_IMG_1623785581527.jpg'><img loading=\"lazy\" decoding=\"async\" width=\"350\" height=\"205\" src=\"https:\/\/aktivitetshuset.vidsel.se\/wp-content\/uploads\/2022\/02\/FB_IMG_1623785581527-350x205.jpg\" class=\"attachment-small-thumb size-small-thumb\" alt=\"\" \/><\/a>\n\t\t\t<\/div><\/figure><figure class='gallery-item'>\n\t\t\t<div class='gallery-icon landscape'>\n\t\t\t\t<a data-elementor-open-lightbox=\"yes\" data-elementor-lightbox-slideshow=\"74ba2959\" data-elementor-lightbox-title=\"Stora salen innan renovering\" href='https:\/\/aktivitetshuset.vidsel.se\/wp-content\/uploads\/2022\/02\/FB_IMG_1623785589362.jpg'><img loading=\"lazy\" decoding=\"async\" width=\"350\" height=\"205\" src=\"https:\/\/aktivitetshuset.vidsel.se\/wp-content\/uploads\/2022\/02\/FB_IMG_1623785589362-350x205.jpg\" class=\"attachment-small-thumb size-small-thumb\" alt=\"\" \/><\/a>\n\t\t\t<\/div><\/figure><figure class='gallery-item'>\n\t\t\t<div class='gallery-icon landscape'>\n\t\t\t\t<a data-elementor-open-lightbox=\"yes\" data-elementor-lightbox-slideshow=\"74ba2959\" data-elementor-lightbox-title=\"Demontering av gamla bildsalens diskb\u00e4nk\" href='https:\/\/aktivitetshuset.vidsel.se\/wp-content\/uploads\/2022\/02\/20210904_143339-scaled.jpg'><img loading=\"lazy\" decoding=\"async\" width=\"350\" height=\"205\" src=\"https:\/\/aktivitetshuset.vidsel.se\/wp-content\/uploads\/2022\/02\/20210904_143339-350x205.jpg\" class=\"attachment-small-thumb size-small-thumb\" alt=\"\" \/><\/a>\n\t\t\t<\/div><\/figure><figure class='gallery-item'>\n\t\t\t<div class='gallery-icon landscape'>\n\t\t\t\t<a data-elementor-open-lightbox=\"yes\" data-elementor-lightbox-slideshow=\"74ba2959\" data-elementor-lightbox-title=\"M\u00e5lning i stora salen\" href='https:\/\/aktivitetshuset.vidsel.se\/wp-content\/uploads\/2022\/02\/20210915_190824-scaled.jpg'><img loading=\"lazy\" decoding=\"async\" width=\"350\" height=\"205\" src=\"https:\/\/aktivitetshuset.vidsel.se\/wp-content\/uploads\/2022\/02\/20210915_190824-350x205.jpg\" class=\"attachment-small-thumb size-small-thumb\" alt=\"\" \/><\/a>\n\t\t\t<\/div><\/figure><figure class='gallery-item'>\n\t\t\t<div class='gallery-icon landscape'>\n\t\t\t\t<a data-elementor-open-lightbox=\"yes\" data-elementor-lightbox-slideshow=\"74ba2959\" data-elementor-lightbox-title=\"Mer f\u00e4rg p\u00e5 v\u00e4ggarna och avlastningsb\u00e4nken p\u00e5 plats\" href='https:\/\/aktivitetshuset.vidsel.se\/wp-content\/uploads\/2022\/02\/IMG_5036-scaled-e1643755455798.jpg'><img loading=\"lazy\" decoding=\"async\" width=\"350\" height=\"205\" src=\"https:\/\/aktivitetshuset.vidsel.se\/wp-content\/uploads\/2022\/02\/IMG_5036-scaled-e1643755455798-350x205.jpg\" class=\"attachment-small-thumb size-small-thumb\" alt=\"\" \/><\/a>\n\t\t\t<\/div><\/figure><figure class='gallery-item'>\n\t\t\t<div class='gallery-icon landscape'>\n\t\t\t\t<a data-elementor-open-lightbox=\"yes\" data-elementor-lightbox-slideshow=\"74ba2959\" data-elementor-lightbox-title=\"Ordentlig skurning av golven\" href='https:\/\/aktivitetshuset.vidsel.se\/wp-content\/uploads\/2022\/02\/20211127_225927-scaled.jpg'><img loading=\"lazy\" decoding=\"async\" width=\"350\" height=\"205\" src=\"https:\/\/aktivitetshuset.vidsel.se\/wp-content\/uploads\/2022\/02\/20211127_225927-350x205.jpg\" class=\"attachment-small-thumb size-small-thumb\" alt=\"\" \/><\/a>\n\t\t\t<\/div><\/figure><figure class='gallery-item'>\n\t\t\t<div class='gallery-icon landscape'>\n\t\t\t\t<a data-elementor-open-lightbox=\"yes\" data-elementor-lightbox-slideshow=\"74ba2959\" data-elementor-lightbox-title=\"Montering av st\u00e4nkskiva\" href='https:\/\/aktivitetshuset.vidsel.se\/wp-content\/uploads\/2022\/02\/20211114_161210-scaled.jpg'><img loading=\"lazy\" decoding=\"async\" width=\"350\" height=\"205\" src=\"https:\/\/aktivitetshuset.vidsel.se\/wp-content\/uploads\/2022\/02\/20211114_161210-350x205.jpg\" class=\"attachment-small-thumb size-small-thumb\" alt=\"\" \/><\/a>\n\t\t\t<\/div><\/figure><figure class='gallery-item'>\n\t\t\t<div class='gallery-icon landscape'>\n\t\t\t\t<a data-elementor-open-lightbox=\"yes\" data-elementor-lightbox-slideshow=\"74ba2959\" data-elementor-lightbox-title=\"Avlastningsb\u00e4nk och lampor p\u00e5 plats\" href='https:\/\/aktivitetshuset.vidsel.se\/wp-content\/uploads\/2022\/02\/20211115_220502-scaled.jpg'><img loading=\"lazy\" decoding=\"async\" width=\"350\" height=\"205\" src=\"https:\/\/aktivitetshuset.vidsel.se\/wp-content\/uploads\/2022\/02\/20211115_220502-350x205.jpg\" class=\"attachment-small-thumb size-small-thumb\" alt=\"\" \/><\/a>\n\t\t\t<\/div><\/figure><figure class='gallery-item'>\n\t\t\t<div class='gallery-icon landscape'>\n\t\t\t\t<a data-elementor-open-lightbox=\"yes\" data-elementor-lightbox-slideshow=\"74ba2959\" data-elementor-lightbox-title=\"Klart f\u00f6r uthyrning\" href='https:\/\/aktivitetshuset.vidsel.se\/wp-content\/uploads\/2022\/06\/20220611_120055-scaled.jpg'><img loading=\"lazy\" decoding=\"async\" width=\"350\" height=\"205\" src=\"https:\/\/aktivitetshuset.vidsel.se\/wp-content\/uploads\/2022\/06\/20220611_120055-350x205.jpg\" class=\"attachment-small-thumb size-small-thumb\" alt=\"\" \/><\/a>\n\t\t\t<\/div><\/figure>\n\t\t<\/div>\n\t\t<\/div>\n\t\t\t\t<\/div>\n\t\t\t\t<\/div>\n\t\t\t\t\t<\/div>\n\t\t<\/div>\n\t\t\t\t\t\t\t<\/div>\n\t\t<\/section>\n\t\t\t\t<section class=\"elementor-section elementor-top-section elementor-element elementor-element-2787989a elementor-section-boxed elementor-section-height-default elementor-section-height-default\" data-id=\"2787989a\" data-element_type=\"section\">\n\t\t\t\t\t\t<div class=\"elementor-container elementor-column-gap-default\">\n\t\t\t\t\t<div class=\"elementor-column elementor-col-100 elementor-top-column elementor-element elementor-element-45d64486\" data-id=\"45d64486\" data-element_type=\"column\">\n\t\t\t<div class=\"elementor-widget-wrap elementor-element-populated\">\n\t\t\t\t\t\t\t\t<div class=\"elementor-element elementor-element-7b8894e3 elementor-widget-divider--view-line elementor-widget elementor-widget-divider\" data-id=\"7b8894e3\" data-element_type=\"widget\" data-widget_type=\"divider.default\">\n\t\t\t\t<div class=\"elementor-widget-container\">\n\t\t\t\t\t<div class=\"elementor-divider\">\n\t\t\t<span class=\"elementor-divider-separator\">\n\t\t\t\t\t\t<\/span>\n\t\t<\/div>\n\t\t\t\t<\/div>\n\t\t\t\t<\/div>\n\t\t\t\t\t<\/div>\n\t\t<\/div>\n\t\t\t\t\t\t\t<\/div>\n\t\t<\/section>\n\t\t\t\t<section class=\"elementor-section elementor-top-section elementor-element elementor-element-6350ba1b elementor-section-boxed elementor-section-height-default elementor-section-height-default\" data-id=\"6350ba1b\" data-element_type=\"section\">\n\t\t\t\t\t\t<div class=\"elementor-container elementor-column-gap-default\">\n\t\t\t\t\t<div class=\"elementor-column elementor-col-50 elementor-top-column elementor-element elementor-element-7db45b1d\" data-id=\"7db45b1d\" data-element_type=\"column\">\n\t\t\t<div class=\"elementor-widget-wrap elementor-element-populated\">\n\t\t\t\t\t\t\t\t<div class=\"elementor-element elementor-element-67e7232c elementor-widget elementor-widget-text-editor\" data-id=\"67e7232c\" data-element_type=\"widget\" data-widget_type=\"text-editor.default\">\n\t\t\t\t<div class=\"elementor-widget-container\">\n\t\t\t\t\t\t\t<p style=\"text-align: left;\"><a href=\"https:\/\/aktivitetshuset.vidsel.se\/index.php\/slutforda-projekt\/\"><span style=\"color: #174998;\"><strong>&lt; Tillbaka till \u00f6versikt<\/strong><\/span><\/a><\/p>\t\t\t\t\t\t<\/div>\n\t\t\t\t<\/div>\n\t\t\t\t\t<\/div>\n\t\t<\/div>\n\t\t\t\t<div class=\"elementor-column elementor-col-50 elementor-top-column elementor-element elementor-element-27ca34c5\" data-id=\"27ca34c5\" data-element_type=\"column\">\n\t\t\t<div class=\"elementor-widget-wrap elementor-element-populated\">\n\t\t\t\t\t\t\t\t<div class=\"elementor-element elementor-element-612605e6 elementor-widget elementor-widget-text-editor\" data-id=\"612605e6\" data-element_type=\"widget\" data-widget_type=\"text-editor.default\">\n\t\t\t\t<div class=\"elementor-widget-container\">\n\t\t\t\t\t\t\t<p style=\"text-align: right;\"><a href=\"https:\/\/aktivitetshuset.vidsel.se\/index.php\/cafeteria\/\"><span style=\"color: #174998;\"><strong>Cafeteria &gt;<\/strong><\/span><\/a><\/p>\t\t\t\t\t\t<\/div>\n\t\t\t\t<\/div>\n\t\t\t\t\t<\/div>\n\t\t<\/div>\n\t\t\t\t\t\t\t<\/div>\n\t\t<\/section>\n\t\t\t\t\t\t<\/div>\n\t\t\t\t\t<\/div>\n\t\t","protected":false},"excerpt":{"rendered":"<p>Stora salen Gamla bildsalens diskb\u00e4nk\u00a0 har demonterats och vatten och avlopp har pluggats igen. Vi ha byggt en ny\u00a06 m l\u00e5ng b\u00e4nk med b\u00e4nkskivor och st\u00e4nkskydd som anv\u00e4nds som avst\u00e4llningsyta vid festligheter. Vi har satt in en ny d\u00f6rr\u00a0till f\u00f6rr\u00e5det<\/p>\n","protected":false},"author":3,"featured_media":0,"parent":0,"menu_order":0,"comment_status":"closed","ping_status":"closed","template":"","meta":{"footnotes":""},"class_list":["post-741","page","type-page","status-publish","hentry"],"yoast_head":"<!-- This site is optimized with the Yoast SEO plugin v18.1 - https:\/\/yoast.com\/wordpress\/plugins\/seo\/ -->\r\n<title>Stora salen -<\/title>\r\n<meta name=\"robots\" content=\"index, follow, max-snippet:-1, max-image-preview:large, max-video-preview:-1\" \/>\r\n<link rel=\"canonical\" href=\"https:\/\/aktivitetshuset.vidsel.se\/index.php\/stora-salen\/\" \/>\r\n<meta property=\"og:locale\" content=\"sv_SE\" \/>\r\n<meta property=\"og:type\" content=\"article\" \/>\r\n<meta property=\"og:title\" content=\"Stora salen -\" \/>\r\n<meta property=\"og:description\" content=\"Stora salen Gamla bildsalens diskb\u00e4nk\u00a0 har demonterats och vatten och avlopp har pluggats igen. Vi ha byggt en ny\u00a06 m l\u00e5ng b\u00e4nk med b\u00e4nkskivor och st\u00e4nkskydd som anv\u00e4nds som avst\u00e4llningsyta vid festligheter. Vi har satt in en ny d\u00f6rr\u00a0till f\u00f6rr\u00e5det\" \/>\r\n<meta property=\"og:url\" content=\"https:\/\/aktivitetshuset.vidsel.se\/index.php\/stora-salen\/\" \/>\r\n<meta property=\"article:modified_time\" content=\"2023-01-18T23:26:55+00:00\" \/>\r\n<meta property=\"og:image\" content=\"https:\/\/aktivitetshuset.vidsel.se\/wp-content\/uploads\/2022\/02\/FB_IMG_1623785581527-350x205.jpg\" \/>\r\n<meta name=\"twitter:card\" content=\"summary_large_image\" \/>\r\n<meta name=\"twitter:label1\" content=\"Ber\u00e4knad l\u00e4stid\" \/>\n\t<meta name=\"twitter:data1\" content=\"3 minuter\" \/>\r\n<script type=\"application\/ld+json\" class=\"yoast-schema-graph\">{\"@context\":\"https:\/\/schema.org\",\"@graph\":[{\"@type\":\"Organization\",\"@id\":\"https:\/\/aktivitetshuset.vidsel.se\/#organization\",\"name\":\"Vidsels Aktivitetshus Ekonomisk F\u00f6rening\",\"url\":\"https:\/\/aktivitetshuset.vidsel.se\/\",\"sameAs\":[],\"logo\":{\"@type\":\"ImageObject\",\"@id\":\"https:\/\/aktivitetshuset.vidsel.se\/#logo\",\"inLanguage\":\"sv-SE\",\"url\":\"https:\/\/aktivitetshuset.vidsel.se\/wp-content\/uploads\/2021\/06\/Logga2.png\",\"contentUrl\":\"https:\/\/aktivitetshuset.vidsel.se\/wp-content\/uploads\/2021\/06\/Logga2.png\",\"width\":1084,\"height\":439,\"caption\":\"Vidsels Aktivitetshus Ekonomisk F\u00f6rening\"},\"image\":{\"@id\":\"https:\/\/aktivitetshuset.vidsel.se\/#logo\"}},{\"@type\":\"WebSite\",\"@id\":\"https:\/\/aktivitetshuset.vidsel.se\/#website\",\"url\":\"https:\/\/aktivitetshuset.vidsel.se\/\",\"name\":\"Vidsels Aktivitetshus\",\"description\":\"\",\"publisher\":{\"@id\":\"https:\/\/aktivitetshuset.vidsel.se\/#organization\"},\"potentialAction\":[{\"@type\":\"SearchAction\",\"target\":{\"@type\":\"EntryPoint\",\"urlTemplate\":\"https:\/\/aktivitetshuset.vidsel.se\/?s={search_term_string}\"},\"query-input\":\"required name=search_term_string\"}],\"inLanguage\":\"sv-SE\"},{\"@type\":\"ImageObject\",\"@id\":\"https:\/\/aktivitetshuset.vidsel.se\/index.php\/stora-salen\/#primaryimage\",\"inLanguage\":\"sv-SE\",\"url\":\"https:\/\/aktivitetshuset.vidsel.se\/wp-content\/uploads\/2022\/02\/FB_IMG_1623785581527.jpg\",\"contentUrl\":\"https:\/\/aktivitetshuset.vidsel.se\/wp-content\/uploads\/2022\/02\/FB_IMG_1623785581527.jpg\",\"width\":720,\"height\":540},{\"@type\":\"WebPage\",\"@id\":\"https:\/\/aktivitetshuset.vidsel.se\/index.php\/stora-salen\/#webpage\",\"url\":\"https:\/\/aktivitetshuset.vidsel.se\/index.php\/stora-salen\/\",\"name\":\"Stora salen -\",\"isPartOf\":{\"@id\":\"https:\/\/aktivitetshuset.vidsel.se\/#website\"},\"primaryImageOfPage\":{\"@id\":\"https:\/\/aktivitetshuset.vidsel.se\/index.php\/stora-salen\/#primaryimage\"},\"datePublished\":\"2022-02-01T22:38:06+00:00\",\"dateModified\":\"2023-01-18T23:26:55+00:00\",\"breadcrumb\":{\"@id\":\"https:\/\/aktivitetshuset.vidsel.se\/index.php\/stora-salen\/#breadcrumb\"},\"inLanguage\":\"sv-SE\",\"potentialAction\":[{\"@type\":\"ReadAction\",\"target\":[\"https:\/\/aktivitetshuset.vidsel.se\/index.php\/stora-salen\/\"]}]},{\"@type\":\"BreadcrumbList\",\"@id\":\"https:\/\/aktivitetshuset.vidsel.se\/index.php\/stora-salen\/#breadcrumb\",\"itemListElement\":[{\"@type\":\"ListItem\",\"position\":1,\"name\":\"Hem\",\"item\":\"https:\/\/aktivitetshuset.vidsel.se\/\"},{\"@type\":\"ListItem\",\"position\":2,\"name\":\"Stora salen\"}]}]}<\/script>\r\n<!-- \/ Yoast SEO plugin. -->","yoast_head_json":{"title":"Stora salen -","robots":{"index":"index","follow":"follow","max-snippet":"max-snippet:-1","max-image-preview":"max-image-preview:large","max-video-preview":"max-video-preview:-1"},"canonical":"https:\/\/aktivitetshuset.vidsel.se\/index.php\/stora-salen\/","og_locale":"sv_SE","og_type":"article","og_title":"Stora salen -","og_description":"Stora salen Gamla bildsalens diskb\u00e4nk\u00a0 har demonterats och vatten och avlopp har pluggats igen. Vi ha byggt en ny\u00a06 m l\u00e5ng b\u00e4nk med b\u00e4nkskivor och st\u00e4nkskydd som anv\u00e4nds som avst\u00e4llningsyta vid festligheter. Vi har satt in en ny d\u00f6rr\u00a0till f\u00f6rr\u00e5det","og_url":"https:\/\/aktivitetshuset.vidsel.se\/index.php\/stora-salen\/","article_modified_time":"2023-01-18T23:26:55+00:00","og_image":[{"url":"https:\/\/aktivitetshuset.vidsel.se\/wp-content\/uploads\/2022\/02\/FB_IMG_1623785581527-350x205.jpg"}],"twitter_card":"summary_large_image","twitter_misc":{"Ber\u00e4knad l\u00e4stid":"3 minuter"},"schema":{"@context":"https:\/\/schema.org","@graph":[{"@type":"Organization","@id":"https:\/\/aktivitetshuset.vidsel.se\/#organization","name":"Vidsels Aktivitetshus Ekonomisk F\u00f6rening","url":"https:\/\/aktivitetshuset.vidsel.se\/","sameAs":[],"logo":{"@type":"ImageObject","@id":"https:\/\/aktivitetshuset.vidsel.se\/#logo","inLanguage":"sv-SE","url":"https:\/\/aktivitetshuset.vidsel.se\/wp-content\/uploads\/2021\/06\/Logga2.png","contentUrl":"https:\/\/aktivitetshuset.vidsel.se\/wp-content\/uploads\/2021\/06\/Logga2.png","width":1084,"height":439,"caption":"Vidsels Aktivitetshus Ekonomisk F\u00f6rening"},"image":{"@id":"https:\/\/aktivitetshuset.vidsel.se\/#logo"}},{"@type":"WebSite","@id":"https:\/\/aktivitetshuset.vidsel.se\/#website","url":"https:\/\/aktivitetshuset.vidsel.se\/","name":"Vidsels Aktivitetshus","description":"","publisher":{"@id":"https:\/\/aktivitetshuset.vidsel.se\/#organization"},"potentialAction":[{"@type":"SearchAction","target":{"@type":"EntryPoint","urlTemplate":"https:\/\/aktivitetshuset.vidsel.se\/?s={search_term_string}"},"query-input":"required name=search_term_string"}],"inLanguage":"sv-SE"},{"@type":"ImageObject","@id":"https:\/\/aktivitetshuset.vidsel.se\/index.php\/stora-salen\/#primaryimage","inLanguage":"sv-SE","url":"https:\/\/aktivitetshuset.vidsel.se\/wp-content\/uploads\/2022\/02\/FB_IMG_1623785581527.jpg","contentUrl":"https:\/\/aktivitetshuset.vidsel.se\/wp-content\/uploads\/2022\/02\/FB_IMG_1623785581527.jpg","width":720,"height":540},{"@type":"WebPage","@id":"https:\/\/aktivitetshuset.vidsel.se\/index.php\/stora-salen\/#webpage","url":"https:\/\/aktivitetshuset.vidsel.se\/index.php\/stora-salen\/","name":"Stora salen -","isPartOf":{"@id":"https:\/\/aktivitetshuset.vidsel.se\/#website"},"primaryImageOfPage":{"@id":"https:\/\/aktivitetshuset.vidsel.se\/index.php\/stora-salen\/#primaryimage"},"datePublished":"2022-02-01T22:38:06+00:00","dateModified":"2023-01-18T23:26:55+00:00","breadcrumb":{"@id":"https:\/\/aktivitetshuset.vidsel.se\/index.php\/stora-salen\/#breadcrumb"},"inLanguage":"sv-SE","potentialAction":[{"@type":"ReadAction","target":["https:\/\/aktivitetshuset.vidsel.se\/index.php\/stora-salen\/"]}]},{"@type":"BreadcrumbList","@id":"https:\/\/aktivitetshuset.vidsel.se\/index.php\/stora-salen\/#breadcrumb","itemListElement":[{"@type":"ListItem","position":1,"name":"Hem","item":"https:\/\/aktivitetshuset.vidsel.se\/"},{"@type":"ListItem","position":2,"name":"Stora salen"}]}]}},"_links":{"self":[{"href":"https:\/\/aktivitetshuset.vidsel.se\/index.php\/wp-json\/wp\/v2\/pages\/741","targetHints":{"allow":["GET"]}}],"collection":[{"href":"https:\/\/aktivitetshuset.vidsel.se\/index.php\/wp-json\/wp\/v2\/pages"}],"about":[{"href":"https:\/\/aktivitetshuset.vidsel.se\/index.php\/wp-json\/wp\/v2\/types\/page"}],"author":[{"embeddable":true,"href":"https:\/\/aktivitetshuset.vidsel.se\/index.php\/wp-json\/wp\/v2\/users\/3"}],"replies":[{"embeddable":true,"href":"https:\/\/aktivitetshuset.vidsel.se\/index.php\/wp-json\/wp\/v2\/comments?post=741"}],"version-history":[{"count":22,"href":"https:\/\/aktivitetshuset.vidsel.se\/index.php\/wp-json\/wp\/v2\/pages\/741\/revisions"}],"predecessor-version":[{"id":1782,"href":"https:\/\/aktivitetshuset.vidsel.se\/index.php\/wp-json\/wp\/v2\/pages\/741\/revisions\/1782"}],"wp:attachment":[{"href":"https:\/\/aktivitetshuset.vidsel.se\/index.php\/wp-json\/wp\/v2\/media?parent=741"}],"curies":[{"name":"wp","href":"https:\/\/api.w.org\/{rel}","templated":true}]}}