{"id":365,"date":"2021-10-15T16:09:55","date_gmt":"2021-10-15T14:09:55","guid":{"rendered":"https:\/\/aktivitetshuset.vidsel.se\/?page_id=365"},"modified":"2026-03-27T00:43:15","modified_gmt":"2026-03-26T23:43:15","slug":"medlem","status":"publish","type":"page","link":"https:\/\/aktivitetshuset.vidsel.se\/index.php\/medlem\/","title":{"rendered":"Medlem"},"content":{"rendered":"<h2>Medlem<\/h2>\n<p style=\"font-weight: 400;\">Medlemskap inneb\u00e4r att f\u00f6retag, f\u00f6reningar och enskilda har betalat en intr\u00e4des- och \u00e5rlig avgift till Vidsels Aktivitetshus Ekonomiska F\u00f6rening.<\/p>\n<p style=\"font-weight: 400;\">V\u00e5r uppgift \u00e4r att erbjuda v\u00e5ra hyresg\u00e4ster och kunder en utomordentlig fastighet som uppfyller alla krav p\u00e5 s\u00e4kerhet, funktionalitet och komfort.<\/p>\n<p style=\"font-weight: 400;\">Som medlem erbjuds du olika f\u00f6rdelar relativt icke medlemmar. Idag kan vi erbjuda att vi uppl\u00e5ter v\u00e5rt konferensrum till dig utan kostnad, vid ett tillf\u00e4lle per \u00e5r. Det viktigaste \u00e4r att vi med f\u00f6renade krafter r\u00e4ddat huset fr\u00e5n att rivas.<\/p>\n<p style=\"font-weight: 400;\">Medlen anv\u00e4nds oavkortat till renovering och m\u00e5natliga kostnader f\u00f6r fastigheten. Det \u00e4r byggnadsmateriel, el- och IT tillbeh\u00f6r, ledningsr\u00f6r och kranar f\u00f6r vatten, f\u00e4rg f\u00f6r innerv\u00e4ggar och mycket mera.<\/p>\n<p style=\"font-weight: 400;\">Vi har satsat enormt mycket t\u00e4nk p\u00e5 att reducera fastighetens energif\u00f6rbrukning. Vi har i oktober 2022 driftsatt ett v\u00e4rmestyrningssystem som individuellt kan styra v\u00e4rmen i alla rum, och efter en kalender hur dessa \u00e4r bokade. Vi driftsatte samma m\u00e5nad v\u00e5rt toppmoderna ventilationssystem, som styr ventilationen efter halten utandningsluft (CO2) i fem av fastighetens st\u00f6rsta salar och isolerat vinden med minst 40 cm l\u00f6sull. Vi har installerat en ny varmvattenberedare och luftv\u00e4rmesluss f\u00f6r entr\u00e9d\u00f6rren som b\u00e5da ansluts till fj\u00e4rrv\u00e4rmen. Vi har bytt fastighetens alla 222 lysr\u00f6r till LED vilket reducerar kostnaden f\u00f6r lyset till minst h\u00e4lften.<\/p>\n<p style=\"font-weight: 400;\">I dag \u00e4r k\u00f6ket, konferensrummet, Cafeterian klara samt att entr\u00e9d\u00f6rren \u00e4r flyttad, samlingssalen, handikapptoaletten och bron \u00e4r ocks\u00e5 klar.<\/p>\n<p style=\"font-weight: 400;\">Vi har ett brand- och inbrottslarm som \u00e4r det b\u00e4sta p\u00e5 marknaden, alla vattenskadade golv \u00e4r reparerade och har f\u00e5tt ny golvmatta. D\u00e4r Friskolans tidigare undervisade \u00e4r alla utrymmen renoverade. Ny personaltoalett och k\u00f6k, vi har satt upp sn\u00f6rasskydd,\u00a0 helt nytt digitalt l\u00e5ssystem. <strong>Vi \u00e4r klara!<\/strong><\/p>\n<p style=\"font-weight: 400;\">Ja, en n\u00e4stan om\u00f6jlig uppgift \u00e4r verklighet, som beror p\u00e5 en m\u00e4ngd fantastiska m\u00e4nniskor, som utan kostnad, st\u00e4llt upp med sin tid och yrkesskicklighet. Det beror ocks\u00e5 p\u00e5 att vi f\u00e5tt hj\u00e4lp med ekonomin, av dig som medlem och av f\u00f6retag som sponsrat oss med materiel.<\/p>\n<p>Under 2024 har det vi \u00f6ppnat upp f\u00f6r en d\u00f6rr mellan stora salen och cafeterian, isolerat r\u00f6r i maskinrum och k\u00e4llaren.<\/p>\n<p>Under 2026 har vi investerat i en portabel h\u00f6rselslinga som kan anv\u00e4ndas d\u00e4r som \u00f6nskas i fastigheten.<\/p>\n<p style=\"font-weight: 400;\">Det \u00e4r enormt stora projekt, som t\u00e4rt h\u00e5rt p\u00e5 ekonomin, som l\u00f6k p\u00e5 laxen uppt\u00e4ckte vi en trasig avloppsledning som fick repareras f\u00f6r drygt 50 000 kr.\u00a0 Som du f\u00f6rst\u00e5r \u00e4r ditt medlemskap och engagemang i v\u00e5r f\u00f6rening oerh\u00f6rt viktigt f\u00f6r v\u00e5r \u00f6verlevnad. Idag har vi endast Vidsels Bygdef\u00f6rening som hyresg\u00e4ster.<\/p>\n<p>Du kan ladda hem inbetalningskortet f\u00f6r 2026 h\u00e4r, <a href=\"https:\/\/aktivitetshuset.vidsel.se\/wp-content\/uploads\/2026\/03\/Inbetalningskort-2026_medlem_ny.pdf\">medlem<\/a><\/p>\n<p style=\"font-weight: 400;\">Ordf.<br \/>\nJerry<\/p>\n","protected":false},"excerpt":{"rendered":"<p>Medlem Medlemskap inneb\u00e4r att f\u00f6retag, f\u00f6reningar och enskilda har betalat en intr\u00e4des- och \u00e5rlig avgift till Vidsels Aktivitetshus Ekonomiska F\u00f6rening. V\u00e5r uppgift \u00e4r att erbjuda v\u00e5ra hyresg\u00e4ster och kunder en utomordentlig fastighet som uppfyller alla krav p\u00e5 s\u00e4kerhet, funktionalitet och<\/p>\n","protected":false},"author":3,"featured_media":0,"parent":0,"menu_order":0,"comment_status":"closed","ping_status":"closed","template":"","meta":{"footnotes":""},"class_list":["post-365","page","type-page","status-publish","hentry"],"yoast_head":"<!-- This site is optimized with the Yoast SEO plugin v18.1 - https:\/\/yoast.com\/wordpress\/plugins\/seo\/ -->\r\n<title>Medlem -<\/title>\r\n<meta name=\"robots\" content=\"index, follow, max-snippet:-1, max-image-preview:large, max-video-preview:-1\" \/>\r\n<link rel=\"canonical\" href=\"https:\/\/aktivitetshuset.vidsel.se\/index.php\/medlem\/\" \/>\r\n<meta property=\"og:locale\" content=\"sv_SE\" \/>\r\n<meta property=\"og:type\" content=\"article\" \/>\r\n<meta property=\"og:title\" content=\"Medlem -\" \/>\r\n<meta property=\"og:description\" content=\"Medlem Medlemskap inneb\u00e4r att f\u00f6retag, f\u00f6reningar och enskilda har betalat en intr\u00e4des- och \u00e5rlig avgift till Vidsels Aktivitetshus Ekonomiska F\u00f6rening. V\u00e5r uppgift \u00e4r att erbjuda v\u00e5ra hyresg\u00e4ster och kunder en utomordentlig fastighet som uppfyller alla krav p\u00e5 s\u00e4kerhet, funktionalitet och\" \/>\r\n<meta property=\"og:url\" content=\"https:\/\/aktivitetshuset.vidsel.se\/index.php\/medlem\/\" \/>\r\n<meta property=\"article:modified_time\" content=\"2026-03-26T23:43:15+00:00\" \/>\r\n<meta name=\"twitter:card\" content=\"summary_large_image\" \/>\r\n<meta name=\"twitter:label1\" content=\"Ber\u00e4knad l\u00e4stid\" \/>\n\t<meta name=\"twitter:data1\" content=\"2 minuter\" \/>\r\n<script type=\"application\/ld+json\" class=\"yoast-schema-graph\">{\"@context\":\"https:\/\/schema.org\",\"@graph\":[{\"@type\":\"Organization\",\"@id\":\"https:\/\/aktivitetshuset.vidsel.se\/#organization\",\"name\":\"Vidsels Aktivitetshus Ekonomisk F\u00f6rening\",\"url\":\"https:\/\/aktivitetshuset.vidsel.se\/\",\"sameAs\":[],\"logo\":{\"@type\":\"ImageObject\",\"@id\":\"https:\/\/aktivitetshuset.vidsel.se\/#logo\",\"inLanguage\":\"sv-SE\",\"url\":\"https:\/\/aktivitetshuset.vidsel.se\/wp-content\/uploads\/2021\/06\/Logga2.png\",\"contentUrl\":\"https:\/\/aktivitetshuset.vidsel.se\/wp-content\/uploads\/2021\/06\/Logga2.png\",\"width\":1084,\"height\":439,\"caption\":\"Vidsels Aktivitetshus Ekonomisk F\u00f6rening\"},\"image\":{\"@id\":\"https:\/\/aktivitetshuset.vidsel.se\/#logo\"}},{\"@type\":\"WebSite\",\"@id\":\"https:\/\/aktivitetshuset.vidsel.se\/#website\",\"url\":\"https:\/\/aktivitetshuset.vidsel.se\/\",\"name\":\"Vidsels Aktivitetshus\",\"description\":\"\",\"publisher\":{\"@id\":\"https:\/\/aktivitetshuset.vidsel.se\/#organization\"},\"potentialAction\":[{\"@type\":\"SearchAction\",\"target\":{\"@type\":\"EntryPoint\",\"urlTemplate\":\"https:\/\/aktivitetshuset.vidsel.se\/?s={search_term_string}\"},\"query-input\":\"required name=search_term_string\"}],\"inLanguage\":\"sv-SE\"},{\"@type\":\"WebPage\",\"@id\":\"https:\/\/aktivitetshuset.vidsel.se\/index.php\/medlem\/#webpage\",\"url\":\"https:\/\/aktivitetshuset.vidsel.se\/index.php\/medlem\/\",\"name\":\"Medlem -\",\"isPartOf\":{\"@id\":\"https:\/\/aktivitetshuset.vidsel.se\/#website\"},\"datePublished\":\"2021-10-15T14:09:55+00:00\",\"dateModified\":\"2026-03-26T23:43:15+00:00\",\"breadcrumb\":{\"@id\":\"https:\/\/aktivitetshuset.vidsel.se\/index.php\/medlem\/#breadcrumb\"},\"inLanguage\":\"sv-SE\",\"potentialAction\":[{\"@type\":\"ReadAction\",\"target\":[\"https:\/\/aktivitetshuset.vidsel.se\/index.php\/medlem\/\"]}]},{\"@type\":\"BreadcrumbList\",\"@id\":\"https:\/\/aktivitetshuset.vidsel.se\/index.php\/medlem\/#breadcrumb\",\"itemListElement\":[{\"@type\":\"ListItem\",\"position\":1,\"name\":\"Hem\",\"item\":\"https:\/\/aktivitetshuset.vidsel.se\/\"},{\"@type\":\"ListItem\",\"position\":2,\"name\":\"Medlem\"}]}]}<\/script>\r\n<!-- \/ Yoast SEO plugin. -->","yoast_head_json":{"title":"Medlem -","robots":{"index":"index","follow":"follow","max-snippet":"max-snippet:-1","max-image-preview":"max-image-preview:large","max-video-preview":"max-video-preview:-1"},"canonical":"https:\/\/aktivitetshuset.vidsel.se\/index.php\/medlem\/","og_locale":"sv_SE","og_type":"article","og_title":"Medlem -","og_description":"Medlem Medlemskap inneb\u00e4r att f\u00f6retag, f\u00f6reningar och enskilda har betalat en intr\u00e4des- och \u00e5rlig avgift till Vidsels Aktivitetshus Ekonomiska F\u00f6rening. V\u00e5r uppgift \u00e4r att erbjuda v\u00e5ra hyresg\u00e4ster och kunder en utomordentlig fastighet som uppfyller alla krav p\u00e5 s\u00e4kerhet, funktionalitet och","og_url":"https:\/\/aktivitetshuset.vidsel.se\/index.php\/medlem\/","article_modified_time":"2026-03-26T23:43:15+00:00","twitter_card":"summary_large_image","twitter_misc":{"Ber\u00e4knad l\u00e4stid":"2 minuter"},"schema":{"@context":"https:\/\/schema.org","@graph":[{"@type":"Organization","@id":"https:\/\/aktivitetshuset.vidsel.se\/#organization","name":"Vidsels Aktivitetshus Ekonomisk F\u00f6rening","url":"https:\/\/aktivitetshuset.vidsel.se\/","sameAs":[],"logo":{"@type":"ImageObject","@id":"https:\/\/aktivitetshuset.vidsel.se\/#logo","inLanguage":"sv-SE","url":"https:\/\/aktivitetshuset.vidsel.se\/wp-content\/uploads\/2021\/06\/Logga2.png","contentUrl":"https:\/\/aktivitetshuset.vidsel.se\/wp-content\/uploads\/2021\/06\/Logga2.png","width":1084,"height":439,"caption":"Vidsels Aktivitetshus Ekonomisk F\u00f6rening"},"image":{"@id":"https:\/\/aktivitetshuset.vidsel.se\/#logo"}},{"@type":"WebSite","@id":"https:\/\/aktivitetshuset.vidsel.se\/#website","url":"https:\/\/aktivitetshuset.vidsel.se\/","name":"Vidsels Aktivitetshus","description":"","publisher":{"@id":"https:\/\/aktivitetshuset.vidsel.se\/#organization"},"potentialAction":[{"@type":"SearchAction","target":{"@type":"EntryPoint","urlTemplate":"https:\/\/aktivitetshuset.vidsel.se\/?s={search_term_string}"},"query-input":"required name=search_term_string"}],"inLanguage":"sv-SE"},{"@type":"WebPage","@id":"https:\/\/aktivitetshuset.vidsel.se\/index.php\/medlem\/#webpage","url":"https:\/\/aktivitetshuset.vidsel.se\/index.php\/medlem\/","name":"Medlem -","isPartOf":{"@id":"https:\/\/aktivitetshuset.vidsel.se\/#website"},"datePublished":"2021-10-15T14:09:55+00:00","dateModified":"2026-03-26T23:43:15+00:00","breadcrumb":{"@id":"https:\/\/aktivitetshuset.vidsel.se\/index.php\/medlem\/#breadcrumb"},"inLanguage":"sv-SE","potentialAction":[{"@type":"ReadAction","target":["https:\/\/aktivitetshuset.vidsel.se\/index.php\/medlem\/"]}]},{"@type":"BreadcrumbList","@id":"https:\/\/aktivitetshuset.vidsel.se\/index.php\/medlem\/#breadcrumb","itemListElement":[{"@type":"ListItem","position":1,"name":"Hem","item":"https:\/\/aktivitetshuset.vidsel.se\/"},{"@type":"ListItem","position":2,"name":"Medlem"}]}]}},"_links":{"self":[{"href":"https:\/\/aktivitetshuset.vidsel.se\/index.php\/wp-json\/wp\/v2\/pages\/365","targetHints":{"allow":["GET"]}}],"collection":[{"href":"https:\/\/aktivitetshuset.vidsel.se\/index.php\/wp-json\/wp\/v2\/pages"}],"about":[{"href":"https:\/\/aktivitetshuset.vidsel.se\/index.php\/wp-json\/wp\/v2\/types\/page"}],"author":[{"embeddable":true,"href":"https:\/\/aktivitetshuset.vidsel.se\/index.php\/wp-json\/wp\/v2\/users\/3"}],"replies":[{"embeddable":true,"href":"https:\/\/aktivitetshuset.vidsel.se\/index.php\/wp-json\/wp\/v2\/comments?post=365"}],"version-history":[{"count":39,"href":"https:\/\/aktivitetshuset.vidsel.se\/index.php\/wp-json\/wp\/v2\/pages\/365\/revisions"}],"predecessor-version":[{"id":2122,"href":"https:\/\/aktivitetshuset.vidsel.se\/index.php\/wp-json\/wp\/v2\/pages\/365\/revisions\/2122"}],"wp:attachment":[{"href":"https:\/\/aktivitetshuset.vidsel.se\/index.php\/wp-json\/wp\/v2\/media?parent=365"}],"curies":[{"name":"wp","href":"https:\/\/api.w.org\/{rel}","templated":true}]}}