{"id":1834,"date":"2023-01-26T14:55:00","date_gmt":"2023-01-26T13:55:00","guid":{"rendered":"https:\/\/aktivitetshuset.vidsel.se\/?page_id=1834"},"modified":"2023-01-26T14:59:11","modified_gmt":"2023-01-26T13:59:11","slug":"brand-och-inbrottslarm","status":"publish","type":"page","link":"https:\/\/aktivitetshuset.vidsel.se\/index.php\/brand-och-inbrottslarm\/","title":{"rendered":"Brand- och inbrottslarm"},"content":{"rendered":"\t\t<div data-elementor-type=\"wp-page\" data-elementor-id=\"1834\" class=\"elementor elementor-1834\" data-elementor-settings=\"[]\">\n\t\t\t\t\t\t\t<div class=\"elementor-section-wrap\">\n\t\t\t\t\t\t\t<section class=\"elementor-section elementor-top-section elementor-element elementor-element-683d448b elementor-section-boxed elementor-section-height-default elementor-section-height-default\" data-id=\"683d448b\" data-element_type=\"section\">\n\t\t\t\t\t\t<div class=\"elementor-container elementor-column-gap-default\">\n\t\t\t\t\t<div class=\"elementor-column elementor-col-100 elementor-top-column elementor-element elementor-element-254d8a12\" data-id=\"254d8a12\" data-element_type=\"column\">\n\t\t\t<div class=\"elementor-widget-wrap elementor-element-populated\">\n\t\t\t\t\t\t\t\t<div class=\"elementor-element elementor-element-4efdc7e4 elementor-widget elementor-widget-heading\" data-id=\"4efdc7e4\" data-element_type=\"widget\" data-widget_type=\"heading.default\">\n\t\t\t\t<div class=\"elementor-widget-container\">\n\t\t\t<h2 class=\"elementor-heading-title elementor-size-default\">Brand- och inbrottslarm<\/h2>\t\t<\/div>\n\t\t\t\t<\/div>\n\t\t\t\t\t<\/div>\n\t\t<\/div>\n\t\t\t\t\t\t\t<\/div>\n\t\t<\/section>\n\t\t\t\t<section class=\"elementor-section elementor-top-section elementor-element elementor-element-59a20142 elementor-section-boxed elementor-section-height-default elementor-section-height-default\" data-id=\"59a20142\" data-element_type=\"section\">\n\t\t\t\t\t\t<div class=\"elementor-container elementor-column-gap-default\">\n\t\t\t\t\t<div class=\"elementor-column elementor-col-100 elementor-top-column elementor-element elementor-element-24533753\" data-id=\"24533753\" data-element_type=\"column\">\n\t\t\t<div class=\"elementor-widget-wrap elementor-element-populated\">\n\t\t\t\t\t\t\t\t<section class=\"elementor-section elementor-inner-section elementor-element elementor-element-6eed3f3b elementor-section-boxed elementor-section-height-default elementor-section-height-default\" data-id=\"6eed3f3b\" data-element_type=\"section\">\n\t\t\t\t\t\t<div class=\"elementor-container elementor-column-gap-default\">\n\t\t\t\t\t<div class=\"elementor-column elementor-col-100 elementor-inner-column elementor-element elementor-element-6dbd3fb1\" data-id=\"6dbd3fb1\" data-element_type=\"column\">\n\t\t\t<div class=\"elementor-widget-wrap elementor-element-populated\">\n\t\t\t\t\t\t\t\t<div class=\"elementor-element elementor-element-68b5bae0 elementor-widget elementor-widget-text-editor\" data-id=\"68b5bae0\" data-element_type=\"widget\" data-widget_type=\"text-editor.default\">\n\t\t\t\t<div class=\"elementor-widget-container\">\n\t\t\t\t\t\t\t<p><span style=\"color: #000000;\">Installation av nytt brand- och inbrottslarm \u00e4r klart. Larmet \u00e4r mycket modernt och uppfyller alla krav p\u00e5 s\u00e4kerhet.<\/span><\/p>\t\t\t\t\t\t<\/div>\n\t\t\t\t<\/div>\n\t\t\t\t\t<\/div>\n\t\t<\/div>\n\t\t\t\t\t\t\t<\/div>\n\t\t<\/section>\n\t\t\t\t\t<\/div>\n\t\t<\/div>\n\t\t\t\t\t\t\t<\/div>\n\t\t<\/section>\n\t\t\t\t<section class=\"elementor-section elementor-top-section elementor-element elementor-element-48cef7ba elementor-section-boxed elementor-section-height-default elementor-section-height-default\" data-id=\"48cef7ba\" data-element_type=\"section\">\n\t\t\t\t\t\t<div class=\"elementor-container elementor-column-gap-default\">\n\t\t\t\t\t<div class=\"elementor-column elementor-col-100 elementor-top-column elementor-element elementor-element-65caed76\" data-id=\"65caed76\" data-element_type=\"column\">\n\t\t\t<div class=\"elementor-widget-wrap elementor-element-populated\">\n\t\t\t\t\t\t\t\t<div class=\"elementor-element elementor-element-27d9abf2 elementor-widget elementor-widget-image-gallery\" data-id=\"27d9abf2\" data-element_type=\"widget\" data-widget_type=\"image-gallery.default\">\n\t\t\t\t<div class=\"elementor-widget-container\">\n\t\t\t\t\t<div class=\"elementor-image-gallery\">\n\t\t\t<div id='gallery-1' class='gallery galleryid-1834 gallery-columns-2 gallery-size-small-thumb'><figure class='gallery-item'>\n\t\t\t<div class='gallery-icon portrait'>\n\t\t\t\t<a data-elementor-open-lightbox=\"yes\" data-elementor-lightbox-slideshow=\"27d9abf2\" data-elementor-lightbox-title=\"R\u00f6relsedeckare\" href='https:\/\/aktivitetshuset.vidsel.se\/wp-content\/uploads\/2023\/01\/Rorelsedeckare.jpg'><img loading=\"lazy\" decoding=\"async\" width=\"350\" height=\"205\" src=\"https:\/\/aktivitetshuset.vidsel.se\/wp-content\/uploads\/2023\/01\/Rorelsedeckare-350x205.jpg\" class=\"attachment-small-thumb size-small-thumb\" alt=\"\" \/><\/a>\n\t\t\t<\/div><\/figure><figure class='gallery-item'>\n\t\t\t<div class='gallery-icon portrait'>\n\t\t\t\t<a data-elementor-open-lightbox=\"yes\" data-elementor-lightbox-slideshow=\"27d9abf2\" data-elementor-lightbox-title=\"Larmcentral\" href='https:\/\/aktivitetshuset.vidsel.se\/wp-content\/uploads\/2023\/01\/Larmcentral-scaled.jpg'><img loading=\"lazy\" decoding=\"async\" width=\"350\" height=\"205\" src=\"https:\/\/aktivitetshuset.vidsel.se\/wp-content\/uploads\/2023\/01\/Larmcentral-350x205.jpg\" class=\"attachment-small-thumb size-small-thumb\" alt=\"\" \/><\/a>\n\t\t\t<\/div><\/figure><figure class='gallery-item'>\n\t\t\t<div class='gallery-icon portrait'>\n\t\t\t\t<a data-elementor-open-lightbox=\"yes\" data-elementor-lightbox-slideshow=\"27d9abf2\" data-elementor-lightbox-title=\"Siren\" href='https:\/\/aktivitetshuset.vidsel.se\/wp-content\/uploads\/2023\/01\/Siren.jpg'><img loading=\"lazy\" decoding=\"async\" width=\"350\" height=\"205\" src=\"https:\/\/aktivitetshuset.vidsel.se\/wp-content\/uploads\/2023\/01\/Siren-350x205.jpg\" class=\"attachment-small-thumb size-small-thumb\" alt=\"\" \/><\/a>\n\t\t\t<\/div><\/figure><figure class='gallery-item'>\n\t\t\t<div class='gallery-icon portrait'>\n\t\t\t\t<a data-elementor-open-lightbox=\"yes\" data-elementor-lightbox-slideshow=\"27d9abf2\" data-elementor-lightbox-title=\"Larmman\u00f6vrering\" href='https:\/\/aktivitetshuset.vidsel.se\/wp-content\/uploads\/2023\/01\/Larmmanovrering.jpg'><img loading=\"lazy\" decoding=\"async\" width=\"350\" height=\"205\" src=\"https:\/\/aktivitetshuset.vidsel.se\/wp-content\/uploads\/2023\/01\/Larmmanovrering-350x205.jpg\" class=\"attachment-small-thumb size-small-thumb\" alt=\"\" \/><\/a>\n\t\t\t<\/div><\/figure><figure class='gallery-item'>\n\t\t\t<div class='gallery-icon portrait'>\n\t\t\t\t<a data-elementor-open-lightbox=\"yes\" data-elementor-lightbox-slideshow=\"27d9abf2\" data-elementor-lightbox-title=\"Brandsl\u00e4ckare\" href='https:\/\/aktivitetshuset.vidsel.se\/wp-content\/uploads\/2023\/01\/Brandslackare-scaled.jpg'><img loading=\"lazy\" decoding=\"async\" width=\"350\" height=\"205\" src=\"https:\/\/aktivitetshuset.vidsel.se\/wp-content\/uploads\/2023\/01\/Brandslackare-350x205.jpg\" class=\"attachment-small-thumb size-small-thumb\" alt=\"\" \/><\/a>\n\t\t\t<\/div><\/figure><figure class='gallery-item'>\n\t\t\t<div class='gallery-icon portrait'>\n\t\t\t\t<a data-elementor-open-lightbox=\"yes\" data-elementor-lightbox-slideshow=\"27d9abf2\" data-elementor-lightbox-title=\"Brandpost\" href='https:\/\/aktivitetshuset.vidsel.se\/wp-content\/uploads\/2023\/01\/Brandpost-scaled.jpg'><img loading=\"lazy\" decoding=\"async\" width=\"350\" height=\"205\" src=\"https:\/\/aktivitetshuset.vidsel.se\/wp-content\/uploads\/2023\/01\/Brandpost-350x205.jpg\" class=\"attachment-small-thumb size-small-thumb\" alt=\"\" \/><\/a>\n\t\t\t<\/div><\/figure><figure class='gallery-item'>\n\t\t\t<div class='gallery-icon landscape'>\n\t\t\t\t<a data-elementor-open-lightbox=\"yes\" data-elementor-lightbox-slideshow=\"27d9abf2\" data-elementor-lightbox-title=\"Utrymningsplan\" href='https:\/\/aktivitetshuset.vidsel.se\/wp-content\/uploads\/2023\/01\/Utrymningsplan-scaled.jpg'><img loading=\"lazy\" decoding=\"async\" width=\"350\" height=\"205\" src=\"https:\/\/aktivitetshuset.vidsel.se\/wp-content\/uploads\/2023\/01\/Utrymningsplan-350x205.jpg\" class=\"attachment-small-thumb size-small-thumb\" alt=\"\" \/><\/a>\n\t\t\t<\/div><\/figure>\n\t\t<\/div>\n\t\t<\/div>\n\t\t\t\t<\/div>\n\t\t\t\t<\/div>\n\t\t\t\t\t<\/div>\n\t\t<\/div>\n\t\t\t\t\t\t\t<\/div>\n\t\t<\/section>\n\t\t\t\t<section class=\"elementor-section elementor-top-section elementor-element elementor-element-688420d6 elementor-section-boxed elementor-section-height-default elementor-section-height-default\" data-id=\"688420d6\" data-element_type=\"section\">\n\t\t\t\t\t\t<div class=\"elementor-container elementor-column-gap-default\">\n\t\t\t\t\t<div class=\"elementor-column elementor-col-100 elementor-top-column elementor-element elementor-element-e881170\" data-id=\"e881170\" data-element_type=\"column\">\n\t\t\t<div class=\"elementor-widget-wrap elementor-element-populated\">\n\t\t\t\t\t\t\t\t<div class=\"elementor-element elementor-element-61a3dd3 elementor-widget-divider--view-line elementor-widget elementor-widget-divider\" data-id=\"61a3dd3\" data-element_type=\"widget\" data-widget_type=\"divider.default\">\n\t\t\t\t<div class=\"elementor-widget-container\">\n\t\t\t\t\t<div class=\"elementor-divider\">\n\t\t\t<span class=\"elementor-divider-separator\">\n\t\t\t\t\t\t<\/span>\n\t\t<\/div>\n\t\t\t\t<\/div>\n\t\t\t\t<\/div>\n\t\t\t\t\t<\/div>\n\t\t<\/div>\n\t\t\t\t\t\t\t<\/div>\n\t\t<\/section>\n\t\t\t\t<section class=\"elementor-section elementor-top-section elementor-element elementor-element-412362cd elementor-section-boxed elementor-section-height-default elementor-section-height-default\" data-id=\"412362cd\" data-element_type=\"section\">\n\t\t\t\t\t\t<div class=\"elementor-container elementor-column-gap-default\">\n\t\t\t\t\t<div class=\"elementor-column elementor-col-50 elementor-top-column elementor-element elementor-element-7d537ec9\" data-id=\"7d537ec9\" data-element_type=\"column\">\n\t\t\t<div class=\"elementor-widget-wrap elementor-element-populated\">\n\t\t\t\t\t\t\t\t<div class=\"elementor-element elementor-element-6dd591d9 elementor-widget elementor-widget-text-editor\" data-id=\"6dd591d9\" data-element_type=\"widget\" data-widget_type=\"text-editor.default\">\n\t\t\t\t<div class=\"elementor-widget-container\">\n\t\t\t\t\t\t\t<p style=\"text-align: left;\"><a href=\"https:\/\/aktivitetshuset.vidsel.se\/index.php\/slutforda-projekt\/\"><span style=\"color: #174998;\"><strong>&lt; Tillbaka till \u00f6versikt<\/strong><\/span><\/a><\/p>\t\t\t\t\t\t<\/div>\n\t\t\t\t<\/div>\n\t\t\t\t\t<\/div>\n\t\t<\/div>\n\t\t\t\t<div class=\"elementor-column elementor-col-50 elementor-top-column elementor-element elementor-element-1b8ee406\" data-id=\"1b8ee406\" data-element_type=\"column\">\n\t\t\t<div class=\"elementor-widget-wrap elementor-element-populated\">\n\t\t\t\t\t\t\t\t<div class=\"elementor-element elementor-element-8844c2f elementor-widget elementor-widget-text-editor\" data-id=\"8844c2f\" data-element_type=\"widget\" data-widget_type=\"text-editor.default\">\n\t\t\t\t<div class=\"elementor-widget-container\">\n\t\t\t\t\t\t\t<p style=\"text-align: right;\"><a href=\"https:\/\/aktivitetshuset.vidsel.se\/index.php\/utomhus\/\"><span style=\"color: #174998;\"><strong>Utomhus &gt;<\/strong><\/span><\/a><\/p>\t\t\t\t\t\t<\/div>\n\t\t\t\t<\/div>\n\t\t\t\t\t<\/div>\n\t\t<\/div>\n\t\t\t\t\t\t\t<\/div>\n\t\t<\/section>\n\t\t\t\t\t\t<\/div>\n\t\t\t\t\t<\/div>\n\t\t","protected":false},"excerpt":{"rendered":"<p>Brand- och inbrottslarm Installation av nytt brand- och inbrottslarm \u00e4r klart. Larmet \u00e4r mycket modernt och uppfyller alla krav p\u00e5 s\u00e4kerhet. &lt; Tillbaka till \u00f6versikt Utomhus &gt;<\/p>\n","protected":false},"author":3,"featured_media":0,"parent":0,"menu_order":0,"comment_status":"closed","ping_status":"closed","template":"","meta":{"footnotes":""},"class_list":["post-1834","page","type-page","status-publish","hentry"],"yoast_head":"<!-- This site is optimized with the Yoast SEO plugin v18.1 - https:\/\/yoast.com\/wordpress\/plugins\/seo\/ -->\r\n<title>Brand- och inbrottslarm -<\/title>\r\n<meta name=\"robots\" content=\"index, follow, max-snippet:-1, max-image-preview:large, max-video-preview:-1\" \/>\r\n<link rel=\"canonical\" href=\"https:\/\/aktivitetshuset.vidsel.se\/index.php\/brand-och-inbrottslarm\/\" \/>\r\n<meta property=\"og:locale\" content=\"sv_SE\" \/>\r\n<meta property=\"og:type\" content=\"article\" \/>\r\n<meta property=\"og:title\" content=\"Brand- och inbrottslarm -\" \/>\r\n<meta property=\"og:description\" content=\"Brand- och inbrottslarm Installation av nytt brand- och inbrottslarm \u00e4r klart. Larmet \u00e4r mycket modernt och uppfyller alla krav p\u00e5 s\u00e4kerhet. &lt; Tillbaka till \u00f6versikt Utomhus &gt;\" \/>\r\n<meta property=\"og:url\" content=\"https:\/\/aktivitetshuset.vidsel.se\/index.php\/brand-och-inbrottslarm\/\" \/>\r\n<meta property=\"article:modified_time\" content=\"2023-01-26T13:59:11+00:00\" \/>\r\n<meta property=\"og:image\" content=\"https:\/\/aktivitetshuset.vidsel.se\/wp-content\/uploads\/2023\/01\/Rorelsedeckare-350x205.jpg\" \/>\r\n<meta name=\"twitter:card\" content=\"summary_large_image\" \/>\r\n<meta name=\"twitter:label1\" content=\"Ber\u00e4knad l\u00e4stid\" \/>\n\t<meta name=\"twitter:data1\" content=\"2 minuter\" \/>\r\n<script type=\"application\/ld+json\" class=\"yoast-schema-graph\">{\"@context\":\"https:\/\/schema.org\",\"@graph\":[{\"@type\":\"Organization\",\"@id\":\"https:\/\/aktivitetshuset.vidsel.se\/#organization\",\"name\":\"Vidsels Aktivitetshus Ekonomisk F\u00f6rening\",\"url\":\"https:\/\/aktivitetshuset.vidsel.se\/\",\"sameAs\":[],\"logo\":{\"@type\":\"ImageObject\",\"@id\":\"https:\/\/aktivitetshuset.vidsel.se\/#logo\",\"inLanguage\":\"sv-SE\",\"url\":\"https:\/\/aktivitetshuset.vidsel.se\/wp-content\/uploads\/2021\/06\/Logga2.png\",\"contentUrl\":\"https:\/\/aktivitetshuset.vidsel.se\/wp-content\/uploads\/2021\/06\/Logga2.png\",\"width\":1084,\"height\":439,\"caption\":\"Vidsels Aktivitetshus Ekonomisk F\u00f6rening\"},\"image\":{\"@id\":\"https:\/\/aktivitetshuset.vidsel.se\/#logo\"}},{\"@type\":\"WebSite\",\"@id\":\"https:\/\/aktivitetshuset.vidsel.se\/#website\",\"url\":\"https:\/\/aktivitetshuset.vidsel.se\/\",\"name\":\"Vidsels Aktivitetshus\",\"description\":\"\",\"publisher\":{\"@id\":\"https:\/\/aktivitetshuset.vidsel.se\/#organization\"},\"potentialAction\":[{\"@type\":\"SearchAction\",\"target\":{\"@type\":\"EntryPoint\",\"urlTemplate\":\"https:\/\/aktivitetshuset.vidsel.se\/?s={search_term_string}\"},\"query-input\":\"required name=search_term_string\"}],\"inLanguage\":\"sv-SE\"},{\"@type\":\"ImageObject\",\"@id\":\"https:\/\/aktivitetshuset.vidsel.se\/index.php\/brand-och-inbrottslarm\/#primaryimage\",\"inLanguage\":\"sv-SE\",\"url\":\"https:\/\/aktivitetshuset.vidsel.se\/wp-content\/uploads\/2023\/01\/Rorelsedeckare.jpg\",\"contentUrl\":\"https:\/\/aktivitetshuset.vidsel.se\/wp-content\/uploads\/2023\/01\/Rorelsedeckare.jpg\",\"width\":1478,\"height\":2222},{\"@type\":\"WebPage\",\"@id\":\"https:\/\/aktivitetshuset.vidsel.se\/index.php\/brand-och-inbrottslarm\/#webpage\",\"url\":\"https:\/\/aktivitetshuset.vidsel.se\/index.php\/brand-och-inbrottslarm\/\",\"name\":\"Brand- och inbrottslarm -\",\"isPartOf\":{\"@id\":\"https:\/\/aktivitetshuset.vidsel.se\/#website\"},\"primaryImageOfPage\":{\"@id\":\"https:\/\/aktivitetshuset.vidsel.se\/index.php\/brand-och-inbrottslarm\/#primaryimage\"},\"datePublished\":\"2023-01-26T13:55:00+00:00\",\"dateModified\":\"2023-01-26T13:59:11+00:00\",\"breadcrumb\":{\"@id\":\"https:\/\/aktivitetshuset.vidsel.se\/index.php\/brand-och-inbrottslarm\/#breadcrumb\"},\"inLanguage\":\"sv-SE\",\"potentialAction\":[{\"@type\":\"ReadAction\",\"target\":[\"https:\/\/aktivitetshuset.vidsel.se\/index.php\/brand-och-inbrottslarm\/\"]}]},{\"@type\":\"BreadcrumbList\",\"@id\":\"https:\/\/aktivitetshuset.vidsel.se\/index.php\/brand-och-inbrottslarm\/#breadcrumb\",\"itemListElement\":[{\"@type\":\"ListItem\",\"position\":1,\"name\":\"Hem\",\"item\":\"https:\/\/aktivitetshuset.vidsel.se\/\"},{\"@type\":\"ListItem\",\"position\":2,\"name\":\"Brand- och inbrottslarm\"}]}]}<\/script>\r\n<!-- \/ Yoast SEO plugin. -->","yoast_head_json":{"title":"Brand- och inbrottslarm -","robots":{"index":"index","follow":"follow","max-snippet":"max-snippet:-1","max-image-preview":"max-image-preview:large","max-video-preview":"max-video-preview:-1"},"canonical":"https:\/\/aktivitetshuset.vidsel.se\/index.php\/brand-och-inbrottslarm\/","og_locale":"sv_SE","og_type":"article","og_title":"Brand- och inbrottslarm -","og_description":"Brand- och inbrottslarm Installation av nytt brand- och inbrottslarm \u00e4r klart. Larmet \u00e4r mycket modernt och uppfyller alla krav p\u00e5 s\u00e4kerhet. &lt; Tillbaka till \u00f6versikt Utomhus &gt;","og_url":"https:\/\/aktivitetshuset.vidsel.se\/index.php\/brand-och-inbrottslarm\/","article_modified_time":"2023-01-26T13:59:11+00:00","og_image":[{"url":"https:\/\/aktivitetshuset.vidsel.se\/wp-content\/uploads\/2023\/01\/Rorelsedeckare-350x205.jpg"}],"twitter_card":"summary_large_image","twitter_misc":{"Ber\u00e4knad l\u00e4stid":"2 minuter"},"schema":{"@context":"https:\/\/schema.org","@graph":[{"@type":"Organization","@id":"https:\/\/aktivitetshuset.vidsel.se\/#organization","name":"Vidsels Aktivitetshus Ekonomisk F\u00f6rening","url":"https:\/\/aktivitetshuset.vidsel.se\/","sameAs":[],"logo":{"@type":"ImageObject","@id":"https:\/\/aktivitetshuset.vidsel.se\/#logo","inLanguage":"sv-SE","url":"https:\/\/aktivitetshuset.vidsel.se\/wp-content\/uploads\/2021\/06\/Logga2.png","contentUrl":"https:\/\/aktivitetshuset.vidsel.se\/wp-content\/uploads\/2021\/06\/Logga2.png","width":1084,"height":439,"caption":"Vidsels Aktivitetshus Ekonomisk F\u00f6rening"},"image":{"@id":"https:\/\/aktivitetshuset.vidsel.se\/#logo"}},{"@type":"WebSite","@id":"https:\/\/aktivitetshuset.vidsel.se\/#website","url":"https:\/\/aktivitetshuset.vidsel.se\/","name":"Vidsels Aktivitetshus","description":"","publisher":{"@id":"https:\/\/aktivitetshuset.vidsel.se\/#organization"},"potentialAction":[{"@type":"SearchAction","target":{"@type":"EntryPoint","urlTemplate":"https:\/\/aktivitetshuset.vidsel.se\/?s={search_term_string}"},"query-input":"required name=search_term_string"}],"inLanguage":"sv-SE"},{"@type":"ImageObject","@id":"https:\/\/aktivitetshuset.vidsel.se\/index.php\/brand-och-inbrottslarm\/#primaryimage","inLanguage":"sv-SE","url":"https:\/\/aktivitetshuset.vidsel.se\/wp-content\/uploads\/2023\/01\/Rorelsedeckare.jpg","contentUrl":"https:\/\/aktivitetshuset.vidsel.se\/wp-content\/uploads\/2023\/01\/Rorelsedeckare.jpg","width":1478,"height":2222},{"@type":"WebPage","@id":"https:\/\/aktivitetshuset.vidsel.se\/index.php\/brand-och-inbrottslarm\/#webpage","url":"https:\/\/aktivitetshuset.vidsel.se\/index.php\/brand-och-inbrottslarm\/","name":"Brand- och inbrottslarm -","isPartOf":{"@id":"https:\/\/aktivitetshuset.vidsel.se\/#website"},"primaryImageOfPage":{"@id":"https:\/\/aktivitetshuset.vidsel.se\/index.php\/brand-och-inbrottslarm\/#primaryimage"},"datePublished":"2023-01-26T13:55:00+00:00","dateModified":"2023-01-26T13:59:11+00:00","breadcrumb":{"@id":"https:\/\/aktivitetshuset.vidsel.se\/index.php\/brand-och-inbrottslarm\/#breadcrumb"},"inLanguage":"sv-SE","potentialAction":[{"@type":"ReadAction","target":["https:\/\/aktivitetshuset.vidsel.se\/index.php\/brand-och-inbrottslarm\/"]}]},{"@type":"BreadcrumbList","@id":"https:\/\/aktivitetshuset.vidsel.se\/index.php\/brand-och-inbrottslarm\/#breadcrumb","itemListElement":[{"@type":"ListItem","position":1,"name":"Hem","item":"https:\/\/aktivitetshuset.vidsel.se\/"},{"@type":"ListItem","position":2,"name":"Brand- och inbrottslarm"}]}]}},"_links":{"self":[{"href":"https:\/\/aktivitetshuset.vidsel.se\/index.php\/wp-json\/wp\/v2\/pages\/1834","targetHints":{"allow":["GET"]}}],"collection":[{"href":"https:\/\/aktivitetshuset.vidsel.se\/index.php\/wp-json\/wp\/v2\/pages"}],"about":[{"href":"https:\/\/aktivitetshuset.vidsel.se\/index.php\/wp-json\/wp\/v2\/types\/page"}],"author":[{"embeddable":true,"href":"https:\/\/aktivitetshuset.vidsel.se\/index.php\/wp-json\/wp\/v2\/users\/3"}],"replies":[{"embeddable":true,"href":"https:\/\/aktivitetshuset.vidsel.se\/index.php\/wp-json\/wp\/v2\/comments?post=1834"}],"version-history":[{"count":4,"href":"https:\/\/aktivitetshuset.vidsel.se\/index.php\/wp-json\/wp\/v2\/pages\/1834\/revisions"}],"predecessor-version":[{"id":1839,"href":"https:\/\/aktivitetshuset.vidsel.se\/index.php\/wp-json\/wp\/v2\/pages\/1834\/revisions\/1839"}],"wp:attachment":[{"href":"https:\/\/aktivitetshuset.vidsel.se\/index.php\/wp-json\/wp\/v2\/media?parent=1834"}],"curies":[{"name":"wp","href":"https:\/\/api.w.org\/{rel}","templated":true}]}}