{"id":1722,"date":"2023-01-18T22:10:34","date_gmt":"2023-01-18T21:10:34","guid":{"rendered":"https:\/\/aktivitetshuset.vidsel.se\/?page_id=1722"},"modified":"2023-01-26T15:08:40","modified_gmt":"2023-01-26T14:08:40","slug":"vindsisolering","status":"publish","type":"page","link":"https:\/\/aktivitetshuset.vidsel.se\/index.php\/vindsisolering\/","title":{"rendered":"Vindsisolering"},"content":{"rendered":"\t\t<div data-elementor-type=\"wp-page\" data-elementor-id=\"1722\" class=\"elementor elementor-1722\" data-elementor-settings=\"[]\">\n\t\t\t\t\t\t\t<div class=\"elementor-section-wrap\">\n\t\t\t\t\t\t\t<section class=\"elementor-section elementor-top-section elementor-element elementor-element-65527759 elementor-section-boxed elementor-section-height-default elementor-section-height-default\" data-id=\"65527759\" data-element_type=\"section\">\n\t\t\t\t\t\t<div class=\"elementor-container elementor-column-gap-default\">\n\t\t\t\t\t<div class=\"elementor-column elementor-col-100 elementor-top-column elementor-element elementor-element-2164593f\" data-id=\"2164593f\" data-element_type=\"column\">\n\t\t\t<div class=\"elementor-widget-wrap elementor-element-populated\">\n\t\t\t\t\t\t\t\t<div class=\"elementor-element elementor-element-7a93e797 elementor-widget elementor-widget-heading\" data-id=\"7a93e797\" data-element_type=\"widget\" data-widget_type=\"heading.default\">\n\t\t\t\t<div class=\"elementor-widget-container\">\n\t\t\t<h2 class=\"elementor-heading-title elementor-size-default\">Vindsisolering<\/h2>\t\t<\/div>\n\t\t\t\t<\/div>\n\t\t\t\t\t<\/div>\n\t\t<\/div>\n\t\t\t\t\t\t\t<\/div>\n\t\t<\/section>\n\t\t\t\t<section class=\"elementor-section elementor-top-section elementor-element elementor-element-67b5a561 elementor-section-boxed elementor-section-height-default elementor-section-height-default\" data-id=\"67b5a561\" data-element_type=\"section\">\n\t\t\t\t\t\t<div class=\"elementor-container elementor-column-gap-default\">\n\t\t\t\t\t<div class=\"elementor-column elementor-col-100 elementor-top-column elementor-element elementor-element-487698b9\" data-id=\"487698b9\" data-element_type=\"column\">\n\t\t\t<div class=\"elementor-widget-wrap elementor-element-populated\">\n\t\t\t\t\t\t\t\t<section class=\"elementor-section elementor-inner-section elementor-element elementor-element-257255f elementor-section-boxed elementor-section-height-default elementor-section-height-default\" data-id=\"257255f\" data-element_type=\"section\">\n\t\t\t\t\t\t<div class=\"elementor-container elementor-column-gap-default\">\n\t\t\t\t\t<div class=\"elementor-column elementor-col-100 elementor-inner-column elementor-element elementor-element-30cc58dd\" data-id=\"30cc58dd\" data-element_type=\"column\">\n\t\t\t<div class=\"elementor-widget-wrap elementor-element-populated\">\n\t\t\t\t\t\t\t\t<div class=\"elementor-element elementor-element-67be7a0c elementor-widget elementor-widget-text-editor\" data-id=\"67be7a0c\" data-element_type=\"widget\" data-widget_type=\"text-editor.default\">\n\t\t\t\t<div class=\"elementor-widget-container\">\n\t\t\t\t\t\t\t<p style=\"font-size: 16px; font-style: normal; font-weight: 400;\"><span style=\"font-size: 16px; color: #000000;\">Hela utrymmet p\u00e5 vindan, 560 m2 \u00e4r isolerad med 40 cm l\u00f6sull. I och med att vi har ett nytt ventilationssystem, med ventilationsr\u00f6r som \u00e4r upp till 50 cm i diameter har speciella l\u00e5dor tillverkats f\u00f6r att isoleringen ska t\u00e4cka alla r\u00f6r.<\/span><\/p><p style=\"font-size: 16px; font-style: normal; font-weight: 400;\"><span style=\"font-size: 16px; color: #000000;\">Vi har installerat spj\u00e4llmotorer, 2 styck i varje rum f\u00f6r stora salen, konferensrummet, kemisalen, fysiksalen och \u201df\u00e5gelrummet. F\u00f6r styrning av dessa har vi dragit 350 m kabel och monterat tre st\u00f6rre installationsboxar.<\/span><\/p>\t\t\t\t\t\t<\/div>\n\t\t\t\t<\/div>\n\t\t\t\t\t<\/div>\n\t\t<\/div>\n\t\t\t\t\t\t\t<\/div>\n\t\t<\/section>\n\t\t\t\t\t<\/div>\n\t\t<\/div>\n\t\t\t\t\t\t\t<\/div>\n\t\t<\/section>\n\t\t\t\t<section class=\"elementor-section elementor-top-section elementor-element elementor-element-7d6dbcb2 elementor-section-boxed elementor-section-height-default elementor-section-height-default\" data-id=\"7d6dbcb2\" data-element_type=\"section\">\n\t\t\t\t\t\t<div class=\"elementor-container elementor-column-gap-default\">\n\t\t\t\t\t<div class=\"elementor-column elementor-col-100 elementor-top-column elementor-element elementor-element-43d94004\" data-id=\"43d94004\" data-element_type=\"column\">\n\t\t\t<div class=\"elementor-widget-wrap elementor-element-populated\">\n\t\t\t\t\t\t\t\t<div class=\"elementor-element elementor-element-5f13f8e2 elementor-widget elementor-widget-image-gallery\" data-id=\"5f13f8e2\" data-element_type=\"widget\" data-widget_type=\"image-gallery.default\">\n\t\t\t\t<div class=\"elementor-widget-container\">\n\t\t\t\t\t<div class=\"elementor-image-gallery\">\n\t\t\t<div id='gallery-1' class='gallery galleryid-1722 gallery-columns-2 gallery-size-small-thumb'><figure class='gallery-item'>\n\t\t\t<div class='gallery-icon portrait'>\n\t\t\t\t<a data-elementor-open-lightbox=\"yes\" data-elementor-lightbox-slideshow=\"5f13f8e2\" data-elementor-lightbox-title=\"Maskin f\u00f6r transport av l\u00f6sull upp p\u00e5 vindan\" href='https:\/\/aktivitetshuset.vidsel.se\/wp-content\/uploads\/2023\/01\/Iso_Maskin-scaled.jpg'><img loading=\"lazy\" decoding=\"async\" width=\"350\" height=\"205\" src=\"https:\/\/aktivitetshuset.vidsel.se\/wp-content\/uploads\/2023\/01\/Iso_Maskin-350x205.jpg\" class=\"attachment-small-thumb size-small-thumb\" alt=\"\" \/><\/a>\n\t\t\t<\/div><\/figure><figure class='gallery-item'>\n\t\t\t<div class='gallery-icon portrait'>\n\t\t\t\t<a data-elementor-open-lightbox=\"yes\" data-elementor-lightbox-slideshow=\"5f13f8e2\" data-elementor-lightbox-title=\"Isolering av vindan\" href='https:\/\/aktivitetshuset.vidsel.se\/wp-content\/uploads\/2023\/01\/Iso_1-scaled.jpg'><img loading=\"lazy\" decoding=\"async\" width=\"350\" height=\"205\" src=\"https:\/\/aktivitetshuset.vidsel.se\/wp-content\/uploads\/2023\/01\/Iso_1-350x205.jpg\" class=\"attachment-small-thumb size-small-thumb\" alt=\"\" \/><\/a>\n\t\t\t<\/div><\/figure><figure class='gallery-item'>\n\t\t\t<div class='gallery-icon landscape'>\n\t\t\t\t<a data-elementor-open-lightbox=\"yes\" data-elementor-lightbox-slideshow=\"5f13f8e2\" data-elementor-lightbox-title=\"Isolering p\u00e5 plats\" href='https:\/\/aktivitetshuset.vidsel.se\/wp-content\/uploads\/2023\/01\/Iso_3-scaled.jpg'><img loading=\"lazy\" decoding=\"async\" width=\"350\" height=\"205\" src=\"https:\/\/aktivitetshuset.vidsel.se\/wp-content\/uploads\/2023\/01\/Iso_3-350x205.jpg\" class=\"attachment-small-thumb size-small-thumb\" alt=\"\" \/><\/a>\n\t\t\t<\/div><\/figure><figure class='gallery-item'>\n\t\t\t<div class='gallery-icon portrait'>\n\t\t\t\t<a data-elementor-open-lightbox=\"yes\" data-elementor-lightbox-slideshow=\"5f13f8e2\" data-elementor-lightbox-title=\"Isolering\" href='https:\/\/aktivitetshuset.vidsel.se\/wp-content\/uploads\/2023\/01\/Iso_2-scaled.jpg'><img loading=\"lazy\" decoding=\"async\" width=\"350\" height=\"205\" src=\"https:\/\/aktivitetshuset.vidsel.se\/wp-content\/uploads\/2023\/01\/Iso_2-350x205.jpg\" class=\"attachment-small-thumb size-small-thumb\" alt=\"\" \/><\/a>\n\t\t\t<\/div><\/figure>\n\t\t<\/div>\n\t\t<\/div>\n\t\t\t\t<\/div>\n\t\t\t\t<\/div>\n\t\t\t\t\t<\/div>\n\t\t<\/div>\n\t\t\t\t\t\t\t<\/div>\n\t\t<\/section>\n\t\t\t\t<section class=\"elementor-section elementor-top-section elementor-element elementor-element-649b66fb elementor-section-boxed elementor-section-height-default elementor-section-height-default\" data-id=\"649b66fb\" data-element_type=\"section\">\n\t\t\t\t\t\t<div class=\"elementor-container elementor-column-gap-default\">\n\t\t\t\t\t<div class=\"elementor-column elementor-col-100 elementor-top-column elementor-element elementor-element-1e0ed6aa\" data-id=\"1e0ed6aa\" data-element_type=\"column\">\n\t\t\t<div class=\"elementor-widget-wrap elementor-element-populated\">\n\t\t\t\t\t\t\t\t<div class=\"elementor-element elementor-element-757448ab elementor-widget-divider--view-line elementor-widget elementor-widget-divider\" data-id=\"757448ab\" data-element_type=\"widget\" data-widget_type=\"divider.default\">\n\t\t\t\t<div class=\"elementor-widget-container\">\n\t\t\t\t\t<div class=\"elementor-divider\">\n\t\t\t<span class=\"elementor-divider-separator\">\n\t\t\t\t\t\t<\/span>\n\t\t<\/div>\n\t\t\t\t<\/div>\n\t\t\t\t<\/div>\n\t\t\t\t\t<\/div>\n\t\t<\/div>\n\t\t\t\t\t\t\t<\/div>\n\t\t<\/section>\n\t\t\t\t<section class=\"elementor-section elementor-top-section elementor-element elementor-element-1252713c elementor-section-boxed elementor-section-height-default elementor-section-height-default\" data-id=\"1252713c\" data-element_type=\"section\">\n\t\t\t\t\t\t<div class=\"elementor-container elementor-column-gap-default\">\n\t\t\t\t\t<div class=\"elementor-column elementor-col-50 elementor-top-column elementor-element elementor-element-3d5f9192\" data-id=\"3d5f9192\" data-element_type=\"column\">\n\t\t\t<div class=\"elementor-widget-wrap elementor-element-populated\">\n\t\t\t\t\t\t\t\t<div class=\"elementor-element elementor-element-7fd28a2b elementor-widget elementor-widget-text-editor\" data-id=\"7fd28a2b\" data-element_type=\"widget\" data-widget_type=\"text-editor.default\">\n\t\t\t\t<div class=\"elementor-widget-container\">\n\t\t\t\t\t\t\t<p style=\"text-align: left;\"><a href=\"https:\/\/aktivitetshuset.vidsel.se\/index.php\/slutforda-projekt\/\"><span style=\"color: #174998;\"><strong>&lt; Tillbaka till \u00f6versikt<\/strong><\/span><\/a><\/p>\t\t\t\t\t\t<\/div>\n\t\t\t\t<\/div>\n\t\t\t\t\t<\/div>\n\t\t<\/div>\n\t\t\t\t<div class=\"elementor-column elementor-col-50 elementor-top-column elementor-element elementor-element-10f5d644\" data-id=\"10f5d644\" data-element_type=\"column\">\n\t\t\t<div class=\"elementor-widget-wrap elementor-element-populated\">\n\t\t\t\t\t\t\t\t<div class=\"elementor-element elementor-element-1bd62951 elementor-widget elementor-widget-text-editor\" data-id=\"1bd62951\" data-element_type=\"widget\" data-widget_type=\"text-editor.default\">\n\t\t\t\t<div class=\"elementor-widget-container\">\n\t\t\t\t\t\t\t<p style=\"text-align: right;\"><a href=\"https:\/\/aktivitetshuset.vidsel.se\/index.php\/brand-och-inbrottslarm\/\"><span style=\"color: #174998;\"><strong>Brand- och inbrottslarm &gt;<\/strong><\/span><\/a><\/p>\t\t\t\t\t\t<\/div>\n\t\t\t\t<\/div>\n\t\t\t\t\t<\/div>\n\t\t<\/div>\n\t\t\t\t\t\t\t<\/div>\n\t\t<\/section>\n\t\t\t\t\t\t<\/div>\n\t\t\t\t\t<\/div>\n\t\t","protected":false},"excerpt":{"rendered":"<p>Vindsisolering Hela utrymmet p\u00e5 vindan, 560 m2 \u00e4r isolerad med 40 cm l\u00f6sull. I och med att vi har ett nytt ventilationssystem, med ventilationsr\u00f6r som \u00e4r upp till 50 cm i diameter har speciella l\u00e5dor tillverkats f\u00f6r att isoleringen ska<\/p>\n","protected":false},"author":3,"featured_media":0,"parent":0,"menu_order":0,"comment_status":"closed","ping_status":"closed","template":"","meta":{"footnotes":""},"class_list":["post-1722","page","type-page","status-publish","hentry"],"yoast_head":"<!-- This site is optimized with the Yoast SEO plugin v18.1 - https:\/\/yoast.com\/wordpress\/plugins\/seo\/ -->\r\n<title>Vindsisolering -<\/title>\r\n<meta name=\"robots\" content=\"index, follow, max-snippet:-1, max-image-preview:large, max-video-preview:-1\" \/>\r\n<link rel=\"canonical\" href=\"https:\/\/aktivitetshuset.vidsel.se\/index.php\/vindsisolering\/\" \/>\r\n<meta property=\"og:locale\" content=\"sv_SE\" \/>\r\n<meta property=\"og:type\" content=\"article\" \/>\r\n<meta property=\"og:title\" content=\"Vindsisolering -\" \/>\r\n<meta property=\"og:description\" content=\"Vindsisolering Hela utrymmet p\u00e5 vindan, 560 m2 \u00e4r isolerad med 40 cm l\u00f6sull. I och med att vi har ett nytt ventilationssystem, med ventilationsr\u00f6r som \u00e4r upp till 50 cm i diameter har speciella l\u00e5dor tillverkats f\u00f6r att isoleringen ska\" \/>\r\n<meta property=\"og:url\" content=\"https:\/\/aktivitetshuset.vidsel.se\/index.php\/vindsisolering\/\" \/>\r\n<meta property=\"article:modified_time\" content=\"2023-01-26T14:08:40+00:00\" \/>\r\n<meta property=\"og:image\" content=\"https:\/\/aktivitetshuset.vidsel.se\/wp-content\/uploads\/2023\/01\/Iso_Maskin-350x205.jpg\" \/>\r\n<meta name=\"twitter:card\" content=\"summary_large_image\" \/>\r\n<meta name=\"twitter:label1\" content=\"Ber\u00e4knad l\u00e4stid\" \/>\n\t<meta name=\"twitter:data1\" content=\"2 minuter\" \/>\r\n<script type=\"application\/ld+json\" class=\"yoast-schema-graph\">{\"@context\":\"https:\/\/schema.org\",\"@graph\":[{\"@type\":\"Organization\",\"@id\":\"https:\/\/aktivitetshuset.vidsel.se\/#organization\",\"name\":\"Vidsels Aktivitetshus Ekonomisk F\u00f6rening\",\"url\":\"https:\/\/aktivitetshuset.vidsel.se\/\",\"sameAs\":[],\"logo\":{\"@type\":\"ImageObject\",\"@id\":\"https:\/\/aktivitetshuset.vidsel.se\/#logo\",\"inLanguage\":\"sv-SE\",\"url\":\"https:\/\/aktivitetshuset.vidsel.se\/wp-content\/uploads\/2021\/06\/Logga2.png\",\"contentUrl\":\"https:\/\/aktivitetshuset.vidsel.se\/wp-content\/uploads\/2021\/06\/Logga2.png\",\"width\":1084,\"height\":439,\"caption\":\"Vidsels Aktivitetshus Ekonomisk F\u00f6rening\"},\"image\":{\"@id\":\"https:\/\/aktivitetshuset.vidsel.se\/#logo\"}},{\"@type\":\"WebSite\",\"@id\":\"https:\/\/aktivitetshuset.vidsel.se\/#website\",\"url\":\"https:\/\/aktivitetshuset.vidsel.se\/\",\"name\":\"Vidsels Aktivitetshus\",\"description\":\"\",\"publisher\":{\"@id\":\"https:\/\/aktivitetshuset.vidsel.se\/#organization\"},\"potentialAction\":[{\"@type\":\"SearchAction\",\"target\":{\"@type\":\"EntryPoint\",\"urlTemplate\":\"https:\/\/aktivitetshuset.vidsel.se\/?s={search_term_string}\"},\"query-input\":\"required name=search_term_string\"}],\"inLanguage\":\"sv-SE\"},{\"@type\":\"ImageObject\",\"@id\":\"https:\/\/aktivitetshuset.vidsel.se\/index.php\/vindsisolering\/#primaryimage\",\"inLanguage\":\"sv-SE\",\"url\":\"https:\/\/aktivitetshuset.vidsel.se\/wp-content\/uploads\/2023\/01\/Iso_Maskin-350x205.jpg\",\"contentUrl\":\"https:\/\/aktivitetshuset.vidsel.se\/wp-content\/uploads\/2023\/01\/Iso_Maskin-350x205.jpg\"},{\"@type\":\"WebPage\",\"@id\":\"https:\/\/aktivitetshuset.vidsel.se\/index.php\/vindsisolering\/#webpage\",\"url\":\"https:\/\/aktivitetshuset.vidsel.se\/index.php\/vindsisolering\/\",\"name\":\"Vindsisolering -\",\"isPartOf\":{\"@id\":\"https:\/\/aktivitetshuset.vidsel.se\/#website\"},\"primaryImageOfPage\":{\"@id\":\"https:\/\/aktivitetshuset.vidsel.se\/index.php\/vindsisolering\/#primaryimage\"},\"datePublished\":\"2023-01-18T21:10:34+00:00\",\"dateModified\":\"2023-01-26T14:08:40+00:00\",\"breadcrumb\":{\"@id\":\"https:\/\/aktivitetshuset.vidsel.se\/index.php\/vindsisolering\/#breadcrumb\"},\"inLanguage\":\"sv-SE\",\"potentialAction\":[{\"@type\":\"ReadAction\",\"target\":[\"https:\/\/aktivitetshuset.vidsel.se\/index.php\/vindsisolering\/\"]}]},{\"@type\":\"BreadcrumbList\",\"@id\":\"https:\/\/aktivitetshuset.vidsel.se\/index.php\/vindsisolering\/#breadcrumb\",\"itemListElement\":[{\"@type\":\"ListItem\",\"position\":1,\"name\":\"Hem\",\"item\":\"https:\/\/aktivitetshuset.vidsel.se\/\"},{\"@type\":\"ListItem\",\"position\":2,\"name\":\"Vindsisolering\"}]}]}<\/script>\r\n<!-- \/ Yoast SEO plugin. -->","yoast_head_json":{"title":"Vindsisolering -","robots":{"index":"index","follow":"follow","max-snippet":"max-snippet:-1","max-image-preview":"max-image-preview:large","max-video-preview":"max-video-preview:-1"},"canonical":"https:\/\/aktivitetshuset.vidsel.se\/index.php\/vindsisolering\/","og_locale":"sv_SE","og_type":"article","og_title":"Vindsisolering -","og_description":"Vindsisolering Hela utrymmet p\u00e5 vindan, 560 m2 \u00e4r isolerad med 40 cm l\u00f6sull. I och med att vi har ett nytt ventilationssystem, med ventilationsr\u00f6r som \u00e4r upp till 50 cm i diameter har speciella l\u00e5dor tillverkats f\u00f6r att isoleringen ska","og_url":"https:\/\/aktivitetshuset.vidsel.se\/index.php\/vindsisolering\/","article_modified_time":"2023-01-26T14:08:40+00:00","og_image":[{"url":"https:\/\/aktivitetshuset.vidsel.se\/wp-content\/uploads\/2023\/01\/Iso_Maskin-350x205.jpg"}],"twitter_card":"summary_large_image","twitter_misc":{"Ber\u00e4knad l\u00e4stid":"2 minuter"},"schema":{"@context":"https:\/\/schema.org","@graph":[{"@type":"Organization","@id":"https:\/\/aktivitetshuset.vidsel.se\/#organization","name":"Vidsels Aktivitetshus Ekonomisk F\u00f6rening","url":"https:\/\/aktivitetshuset.vidsel.se\/","sameAs":[],"logo":{"@type":"ImageObject","@id":"https:\/\/aktivitetshuset.vidsel.se\/#logo","inLanguage":"sv-SE","url":"https:\/\/aktivitetshuset.vidsel.se\/wp-content\/uploads\/2021\/06\/Logga2.png","contentUrl":"https:\/\/aktivitetshuset.vidsel.se\/wp-content\/uploads\/2021\/06\/Logga2.png","width":1084,"height":439,"caption":"Vidsels Aktivitetshus Ekonomisk F\u00f6rening"},"image":{"@id":"https:\/\/aktivitetshuset.vidsel.se\/#logo"}},{"@type":"WebSite","@id":"https:\/\/aktivitetshuset.vidsel.se\/#website","url":"https:\/\/aktivitetshuset.vidsel.se\/","name":"Vidsels Aktivitetshus","description":"","publisher":{"@id":"https:\/\/aktivitetshuset.vidsel.se\/#organization"},"potentialAction":[{"@type":"SearchAction","target":{"@type":"EntryPoint","urlTemplate":"https:\/\/aktivitetshuset.vidsel.se\/?s={search_term_string}"},"query-input":"required name=search_term_string"}],"inLanguage":"sv-SE"},{"@type":"ImageObject","@id":"https:\/\/aktivitetshuset.vidsel.se\/index.php\/vindsisolering\/#primaryimage","inLanguage":"sv-SE","url":"https:\/\/aktivitetshuset.vidsel.se\/wp-content\/uploads\/2023\/01\/Iso_Maskin-350x205.jpg","contentUrl":"https:\/\/aktivitetshuset.vidsel.se\/wp-content\/uploads\/2023\/01\/Iso_Maskin-350x205.jpg"},{"@type":"WebPage","@id":"https:\/\/aktivitetshuset.vidsel.se\/index.php\/vindsisolering\/#webpage","url":"https:\/\/aktivitetshuset.vidsel.se\/index.php\/vindsisolering\/","name":"Vindsisolering -","isPartOf":{"@id":"https:\/\/aktivitetshuset.vidsel.se\/#website"},"primaryImageOfPage":{"@id":"https:\/\/aktivitetshuset.vidsel.se\/index.php\/vindsisolering\/#primaryimage"},"datePublished":"2023-01-18T21:10:34+00:00","dateModified":"2023-01-26T14:08:40+00:00","breadcrumb":{"@id":"https:\/\/aktivitetshuset.vidsel.se\/index.php\/vindsisolering\/#breadcrumb"},"inLanguage":"sv-SE","potentialAction":[{"@type":"ReadAction","target":["https:\/\/aktivitetshuset.vidsel.se\/index.php\/vindsisolering\/"]}]},{"@type":"BreadcrumbList","@id":"https:\/\/aktivitetshuset.vidsel.se\/index.php\/vindsisolering\/#breadcrumb","itemListElement":[{"@type":"ListItem","position":1,"name":"Hem","item":"https:\/\/aktivitetshuset.vidsel.se\/"},{"@type":"ListItem","position":2,"name":"Vindsisolering"}]}]}},"_links":{"self":[{"href":"https:\/\/aktivitetshuset.vidsel.se\/index.php\/wp-json\/wp\/v2\/pages\/1722","targetHints":{"allow":["GET"]}}],"collection":[{"href":"https:\/\/aktivitetshuset.vidsel.se\/index.php\/wp-json\/wp\/v2\/pages"}],"about":[{"href":"https:\/\/aktivitetshuset.vidsel.se\/index.php\/wp-json\/wp\/v2\/types\/page"}],"author":[{"embeddable":true,"href":"https:\/\/aktivitetshuset.vidsel.se\/index.php\/wp-json\/wp\/v2\/users\/3"}],"replies":[{"embeddable":true,"href":"https:\/\/aktivitetshuset.vidsel.se\/index.php\/wp-json\/wp\/v2\/comments?post=1722"}],"version-history":[{"count":7,"href":"https:\/\/aktivitetshuset.vidsel.se\/index.php\/wp-json\/wp\/v2\/pages\/1722\/revisions"}],"predecessor-version":[{"id":1848,"href":"https:\/\/aktivitetshuset.vidsel.se\/index.php\/wp-json\/wp\/v2\/pages\/1722\/revisions\/1848"}],"wp:attachment":[{"href":"https:\/\/aktivitetshuset.vidsel.se\/index.php\/wp-json\/wp\/v2\/media?parent=1722"}],"curies":[{"name":"wp","href":"https:\/\/api.w.org\/{rel}","templated":true}]}}