{"id":1175,"date":"2022-06-22T11:18:52","date_gmt":"2022-06-22T09:18:52","guid":{"rendered":"https:\/\/aktivitetshuset.vidsel.se\/?page_id=1175"},"modified":"2023-01-17T22:55:29","modified_gmt":"2023-01-17T21:55:29","slug":"personalrum","status":"publish","type":"page","link":"https:\/\/aktivitetshuset.vidsel.se\/index.php\/personalrum\/","title":{"rendered":"Personalrum"},"content":{"rendered":"\t\t<div data-elementor-type=\"wp-page\" data-elementor-id=\"1175\" class=\"elementor elementor-1175\" data-elementor-settings=\"[]\">\n\t\t\t\t\t\t\t<div class=\"elementor-section-wrap\">\n\t\t\t\t\t\t\t<section class=\"elementor-section elementor-top-section elementor-element elementor-element-2091bb9e elementor-section-boxed elementor-section-height-default elementor-section-height-default\" data-id=\"2091bb9e\" data-element_type=\"section\">\n\t\t\t\t\t\t<div class=\"elementor-container elementor-column-gap-default\">\n\t\t\t\t\t<div class=\"elementor-column elementor-col-100 elementor-top-column elementor-element elementor-element-469b8ef\" data-id=\"469b8ef\" data-element_type=\"column\">\n\t\t\t<div class=\"elementor-widget-wrap elementor-element-populated\">\n\t\t\t\t\t\t\t\t<div class=\"elementor-element elementor-element-2b4623c2 elementor-widget elementor-widget-heading\" data-id=\"2b4623c2\" data-element_type=\"widget\" data-widget_type=\"heading.default\">\n\t\t\t\t<div class=\"elementor-widget-container\">\n\t\t\t<h2 class=\"elementor-heading-title elementor-size-default\">Personalrummet<\/h2>\t\t<\/div>\n\t\t\t\t<\/div>\n\t\t\t\t\t<\/div>\n\t\t<\/div>\n\t\t\t\t\t\t\t<\/div>\n\t\t<\/section>\n\t\t\t\t<section class=\"elementor-section elementor-top-section elementor-element elementor-element-61f91307 elementor-section-boxed elementor-section-height-default elementor-section-height-default\" data-id=\"61f91307\" data-element_type=\"section\">\n\t\t\t\t\t\t<div class=\"elementor-container elementor-column-gap-default\">\n\t\t\t\t\t<div class=\"elementor-column elementor-col-100 elementor-top-column elementor-element elementor-element-14b27bd6\" data-id=\"14b27bd6\" data-element_type=\"column\">\n\t\t\t<div class=\"elementor-widget-wrap elementor-element-populated\">\n\t\t\t\t\t\t\t\t<section class=\"elementor-section elementor-inner-section elementor-element elementor-element-7fec89a6 elementor-section-boxed elementor-section-height-default elementor-section-height-default\" data-id=\"7fec89a6\" data-element_type=\"section\">\n\t\t\t\t\t\t<div class=\"elementor-container elementor-column-gap-default\">\n\t\t\t\t\t<div class=\"elementor-column elementor-col-100 elementor-inner-column elementor-element elementor-element-6d5773c0\" data-id=\"6d5773c0\" data-element_type=\"column\">\n\t\t\t<div class=\"elementor-widget-wrap elementor-element-populated\">\n\t\t\t\t\t\t\t\t<div class=\"elementor-element elementor-element-2f18a729 elementor-widget elementor-widget-text-editor\" data-id=\"2f18a729\" data-element_type=\"widget\" data-widget_type=\"text-editor.default\">\n\t\t\t\t<div class=\"elementor-widget-container\">\n\t\t\t\t\t\t\t<p><span style=\"color: #000000;\">Aktivitetshusets tredje vattenskadade rum kommer fungera som personalrum f\u00f6r Friskolan Hj\u00e4rtat. \u00c4ven h\u00e4r har mycket arbete lagts ner f\u00f6r att f\u00e4rdigst\u00e4lla rummet och det \u00e4r fortfarande en del kvar att g\u00f6ra.<\/span><\/p>\n<p><span style=\"color: #000000;\">Golvet har reglats, isolerats, byggts igen och f\u00e5tt ny golvmatta. Hyllsystemet p\u00e5 v\u00e4ggen har demonterats. Den gamla ventilationen har plockats bort f\u00f6r att g\u00f6ra plats f\u00f6r ett fungerande ventilationssystem, vilket \u00e4r en del i v\u00e5rt EU-finansierade renoveringsprojekt. <\/span><span style=\"color: #000000;\">V\u00e4ggarna har spacklats och m\u00e5lats.<\/span><\/p>\n<p><span style=\"color: #000000;\">Nya v\u00e4ggar har satts upp f\u00f6r en liten personaltoalett. \u00c4ven den \u00e4r m\u00e5lad inv\u00e4ndigt och har kaklats p\u00e5 v\u00e4ggen d\u00e4r tv\u00e4ttst\u00e4ll ska monteras. Toalettd\u00f6rren \u00e4r ocks\u00e5 p\u00e5 plats. Toalettstol finns, sk\u00e5p f\u00f6r handfat \u00e4r under tillverkning.<\/span><\/p>\n<p><span style=\"color: #000000;\">Sk\u00e5p, k\u00f6ksfl\u00e4kt och kylsk\u00e5p fr\u00e5n Ikea har monterats, diskb\u00e4nkspl\u00e5t, blandare och kakel har sk\u00e4nkts av Part AB i Kalix. L\u00e4tt begagnad spis fr\u00e5n L\u00e5g- och mellanstadiet finns ocks\u00e5 p\u00e5 plats.&nbsp;<\/span><\/p>\t\t\t\t\t\t<\/div>\n\t\t\t\t<\/div>\n\t\t\t\t\t<\/div>\n\t\t<\/div>\n\t\t\t\t\t\t\t<\/div>\n\t\t<\/section>\n\t\t\t\t\t<\/div>\n\t\t<\/div>\n\t\t\t\t\t\t\t<\/div>\n\t\t<\/section>\n\t\t\t\t<section class=\"elementor-section elementor-top-section elementor-element elementor-element-3e6f916f elementor-section-boxed elementor-section-height-default elementor-section-height-default\" data-id=\"3e6f916f\" data-element_type=\"section\">\n\t\t\t\t\t\t<div class=\"elementor-container elementor-column-gap-default\">\n\t\t\t\t\t<div class=\"elementor-column elementor-col-100 elementor-top-column elementor-element elementor-element-35cb9849\" data-id=\"35cb9849\" data-element_type=\"column\">\n\t\t\t<div class=\"elementor-widget-wrap elementor-element-populated\">\n\t\t\t\t\t\t\t\t<div class=\"elementor-element elementor-element-28e79b8b elementor-widget elementor-widget-image-gallery\" data-id=\"28e79b8b\" data-element_type=\"widget\" data-widget_type=\"image-gallery.default\">\n\t\t\t\t<div class=\"elementor-widget-container\">\n\t\t\t\t\t<div class=\"elementor-image-gallery\">\n\t\t\t<div id='gallery-1' class='gallery galleryid-1175 gallery-columns-2 gallery-size-small-thumb'><figure class='gallery-item'>\n\t\t\t<div class='gallery-icon landscape'>\n\t\t\t\t<a data-elementor-open-lightbox=\"yes\" data-elementor-lightbox-slideshow=\"28e79b8b\" data-elementor-lightbox-title=\"Innan renovering\" href='https:\/\/aktivitetshuset.vidsel.se\/wp-content\/uploads\/2022\/06\/20211204_101828-scaled.jpg'><img loading=\"lazy\" decoding=\"async\" width=\"350\" height=\"205\" src=\"https:\/\/aktivitetshuset.vidsel.se\/wp-content\/uploads\/2022\/06\/20211204_101828-350x205.jpg\" class=\"attachment-small-thumb size-small-thumb\" alt=\"\" \/><\/a>\n\t\t\t<\/div><\/figure><figure class='gallery-item'>\n\t\t\t<div class='gallery-icon landscape'>\n\t\t\t\t<a data-elementor-open-lightbox=\"yes\" data-elementor-lightbox-slideshow=\"28e79b8b\" data-elementor-lightbox-title=\"Ventilationsaggregat nedmonterat\" href='https:\/\/aktivitetshuset.vidsel.se\/wp-content\/uploads\/2022\/06\/20220611_120500-scaled.jpg'><img loading=\"lazy\" decoding=\"async\" width=\"350\" height=\"205\" src=\"https:\/\/aktivitetshuset.vidsel.se\/wp-content\/uploads\/2022\/06\/20220611_120500-350x205.jpg\" class=\"attachment-small-thumb size-small-thumb\" alt=\"\" \/><\/a>\n\t\t\t<\/div><\/figure><figure class='gallery-item'>\n\t\t\t<div class='gallery-icon portrait'>\n\t\t\t\t<a data-elementor-open-lightbox=\"yes\" data-elementor-lightbox-slideshow=\"28e79b8b\" data-elementor-lightbox-title=\"Spackling\" href='https:\/\/aktivitetshuset.vidsel.se\/wp-content\/uploads\/2022\/06\/IMG_5363-scaled-e1655889813864.jpg'><img loading=\"lazy\" decoding=\"async\" width=\"350\" height=\"205\" src=\"https:\/\/aktivitetshuset.vidsel.se\/wp-content\/uploads\/2022\/06\/IMG_5363-scaled-e1655889813864-350x205.jpg\" class=\"attachment-small-thumb size-small-thumb\" alt=\"\" \/><\/a>\n\t\t\t<\/div><\/figure><figure class='gallery-item'>\n\t\t\t<div class='gallery-icon portrait'>\n\t\t\t\t<a data-elementor-open-lightbox=\"yes\" data-elementor-lightbox-slideshow=\"28e79b8b\" data-elementor-lightbox-title=\"M\u00e5lning\" href='https:\/\/aktivitetshuset.vidsel.se\/wp-content\/uploads\/2022\/06\/IMG_5520-scaled-e1655889790942.jpg'><img loading=\"lazy\" decoding=\"async\" width=\"350\" height=\"205\" src=\"https:\/\/aktivitetshuset.vidsel.se\/wp-content\/uploads\/2022\/06\/IMG_5520-scaled-e1655889790942-350x205.jpg\" class=\"attachment-small-thumb size-small-thumb\" alt=\"\" \/><\/a>\n\t\t\t<\/div><\/figure><figure class='gallery-item'>\n\t\t\t<div class='gallery-icon portrait'>\n\t\t\t\t<a data-elementor-open-lightbox=\"yes\" data-elementor-lightbox-slideshow=\"28e79b8b\" data-elementor-lightbox-title=\"V\u00e4ggarna m\u00e5lade och golvet igenbyggt\" href='https:\/\/aktivitetshuset.vidsel.se\/wp-content\/uploads\/2022\/06\/IMG_5669-scaled-e1655889775522.jpg'><img loading=\"lazy\" decoding=\"async\" width=\"350\" height=\"205\" src=\"https:\/\/aktivitetshuset.vidsel.se\/wp-content\/uploads\/2022\/06\/IMG_5669-scaled-e1655889775522-350x205.jpg\" class=\"attachment-small-thumb size-small-thumb\" alt=\"\" \/><\/a>\n\t\t\t<\/div><\/figure><figure class='gallery-item'>\n\t\t\t<div class='gallery-icon portrait'>\n\t\t\t\t<a data-elementor-open-lightbox=\"yes\" data-elementor-lightbox-slideshow=\"28e79b8b\" data-elementor-lightbox-title=\"Kakel i personaltoalett\" href='https:\/\/aktivitetshuset.vidsel.se\/wp-content\/uploads\/2022\/06\/20220611_120441-scaled-e1655889857813.jpg'><img loading=\"lazy\" decoding=\"async\" width=\"350\" height=\"205\" src=\"https:\/\/aktivitetshuset.vidsel.se\/wp-content\/uploads\/2022\/06\/20220611_120441-scaled-e1655889857813-350x205.jpg\" class=\"attachment-small-thumb size-small-thumb\" alt=\"\" \/><\/a>\n\t\t\t<\/div><\/figure><figure class='gallery-item'>\n\t\t\t<div class='gallery-icon portrait'>\n\t\t\t\t<a data-elementor-open-lightbox=\"yes\" data-elementor-lightbox-slideshow=\"28e79b8b\" data-elementor-lightbox-title=\"Personaltoalett\" href='https:\/\/aktivitetshuset.vidsel.se\/wp-content\/uploads\/2022\/06\/20220611_120450-scaled-e1655889841117.jpg'><img loading=\"lazy\" decoding=\"async\" width=\"350\" height=\"205\" src=\"https:\/\/aktivitetshuset.vidsel.se\/wp-content\/uploads\/2022\/06\/20220611_120450-scaled-e1655889841117-350x205.jpg\" class=\"attachment-small-thumb size-small-thumb\" alt=\"\" \/><\/a>\n\t\t\t<\/div><\/figure><figure class='gallery-item'>\n\t\t\t<div class='gallery-icon portrait'>\n\t\t\t\t<a data-elementor-open-lightbox=\"yes\" data-elementor-lightbox-slideshow=\"28e79b8b\" data-elementor-lightbox-title=\"Golvmatta p\u00e5 plats\" href='https:\/\/aktivitetshuset.vidsel.se\/wp-content\/uploads\/2022\/06\/IMG_5723-kopia-scaled-e1655889759277.jpg'><img loading=\"lazy\" decoding=\"async\" width=\"350\" height=\"205\" src=\"https:\/\/aktivitetshuset.vidsel.se\/wp-content\/uploads\/2022\/06\/IMG_5723-kopia-scaled-e1655889759277-350x205.jpg\" class=\"attachment-small-thumb size-small-thumb\" alt=\"\" \/><\/a>\n\t\t\t<\/div><\/figure><figure class='gallery-item'>\n\t\t\t<div class='gallery-icon landscape'>\n\t\t\t\t<a data-elementor-open-lightbox=\"yes\" data-elementor-lightbox-slideshow=\"28e79b8b\" data-elementor-lightbox-title=\"Personalrum\" href='https:\/\/aktivitetshuset.vidsel.se\/wp-content\/uploads\/2023\/01\/Personalrum-scaled.jpg'><img loading=\"lazy\" decoding=\"async\" width=\"350\" height=\"205\" src=\"https:\/\/aktivitetshuset.vidsel.se\/wp-content\/uploads\/2023\/01\/Personalrum-350x205.jpg\" class=\"attachment-small-thumb size-small-thumb\" alt=\"\" \/><\/a>\n\t\t\t<\/div><\/figure>\n\t\t<\/div>\n\t\t<\/div>\n\t\t\t\t<\/div>\n\t\t\t\t<\/div>\n\t\t\t\t\t<\/div>\n\t\t<\/div>\n\t\t\t\t\t\t\t<\/div>\n\t\t<\/section>\n\t\t\t\t<section class=\"elementor-section elementor-top-section elementor-element elementor-element-142d110f elementor-section-boxed elementor-section-height-default elementor-section-height-default\" data-id=\"142d110f\" data-element_type=\"section\">\n\t\t\t\t\t\t<div class=\"elementor-container elementor-column-gap-default\">\n\t\t\t\t\t<div class=\"elementor-column elementor-col-100 elementor-top-column elementor-element elementor-element-17e0367\" data-id=\"17e0367\" data-element_type=\"column\">\n\t\t\t<div class=\"elementor-widget-wrap elementor-element-populated\">\n\t\t\t\t\t\t\t\t<div class=\"elementor-element elementor-element-73e50c26 elementor-widget-divider--view-line elementor-widget elementor-widget-divider\" data-id=\"73e50c26\" data-element_type=\"widget\" data-widget_type=\"divider.default\">\n\t\t\t\t<div class=\"elementor-widget-container\">\n\t\t\t\t\t<div class=\"elementor-divider\">\n\t\t\t<span class=\"elementor-divider-separator\">\n\t\t\t\t\t\t<\/span>\n\t\t<\/div>\n\t\t\t\t<\/div>\n\t\t\t\t<\/div>\n\t\t\t\t\t<\/div>\n\t\t<\/div>\n\t\t\t\t\t\t\t<\/div>\n\t\t<\/section>\n\t\t\t\t<section class=\"elementor-section elementor-top-section elementor-element elementor-element-4e29300a elementor-section-boxed elementor-section-height-default elementor-section-height-default\" data-id=\"4e29300a\" data-element_type=\"section\">\n\t\t\t\t\t\t<div class=\"elementor-container elementor-column-gap-default\">\n\t\t\t\t\t<div class=\"elementor-column elementor-col-50 elementor-top-column elementor-element elementor-element-3fc4ccd2\" data-id=\"3fc4ccd2\" data-element_type=\"column\">\n\t\t\t<div class=\"elementor-widget-wrap elementor-element-populated\">\n\t\t\t\t\t\t\t\t<div class=\"elementor-element elementor-element-65158cb elementor-widget elementor-widget-text-editor\" data-id=\"65158cb\" data-element_type=\"widget\" data-widget_type=\"text-editor.default\">\n\t\t\t\t<div class=\"elementor-widget-container\">\n\t\t\t\t\t\t\t<p style=\"text-align: left;\"><a href=\"https:\/\/aktivitetshuset.vidsel.se\/index.php\/slutforda-projekt\/\"><span style=\"color: #174998;\"><strong>&lt; Tillbaka till \u00f6versikt<\/strong><\/span><\/a><\/p>\t\t\t\t\t\t<\/div>\n\t\t\t\t<\/div>\n\t\t\t\t\t<\/div>\n\t\t<\/div>\n\t\t\t\t<div class=\"elementor-column elementor-col-50 elementor-top-column elementor-element elementor-element-703b0f43\" data-id=\"703b0f43\" data-element_type=\"column\">\n\t\t\t<div class=\"elementor-widget-wrap elementor-element-populated\">\n\t\t\t\t\t\t\t\t<div class=\"elementor-element elementor-element-64d67d5c elementor-widget elementor-widget-text-editor\" data-id=\"64d67d5c\" data-element_type=\"widget\" data-widget_type=\"text-editor.default\">\n\t\t\t\t<div class=\"elementor-widget-container\">\n\t\t\t\t\t\t\t<p style=\"text-align: right;\"><a href=\"https:\/\/aktivitetshuset.vidsel.se\/index.php\/lilla-toaletten\/\"><span style=\"color: #174998;\"><strong>Lilla toaletten &gt;<\/strong><\/span><\/a><\/p>\t\t\t\t\t\t<\/div>\n\t\t\t\t<\/div>\n\t\t\t\t\t<\/div>\n\t\t<\/div>\n\t\t\t\t\t\t\t<\/div>\n\t\t<\/section>\n\t\t\t\t\t\t<\/div>\n\t\t\t\t\t<\/div>\n\t\t","protected":false},"excerpt":{"rendered":"<p>Personalrummet Aktivitetshusets tredje vattenskadade rum kommer fungera som personalrum f\u00f6r Friskolan Hj\u00e4rtat. \u00c4ven h\u00e4r har mycket arbete lagts ner f\u00f6r att f\u00e4rdigst\u00e4lla rummet och det \u00e4r fortfarande en del kvar att g\u00f6ra. Golvet har reglats, isolerats, byggts igen och f\u00e5tt<\/p>\n","protected":false},"author":3,"featured_media":0,"parent":0,"menu_order":0,"comment_status":"closed","ping_status":"closed","template":"","meta":{"footnotes":""},"class_list":["post-1175","page","type-page","status-publish","hentry"],"yoast_head":"<!-- This site is optimized with the Yoast SEO plugin v18.1 - https:\/\/yoast.com\/wordpress\/plugins\/seo\/ -->\r\n<title>Personalrum -<\/title>\r\n<meta name=\"robots\" content=\"index, follow, max-snippet:-1, max-image-preview:large, max-video-preview:-1\" \/>\r\n<link rel=\"canonical\" href=\"https:\/\/aktivitetshuset.vidsel.se\/index.php\/personalrum\/\" \/>\r\n<meta property=\"og:locale\" content=\"sv_SE\" \/>\r\n<meta property=\"og:type\" content=\"article\" \/>\r\n<meta property=\"og:title\" content=\"Personalrum -\" \/>\r\n<meta property=\"og:description\" content=\"Personalrummet Aktivitetshusets tredje vattenskadade rum kommer fungera som personalrum f\u00f6r Friskolan Hj\u00e4rtat. \u00c4ven h\u00e4r har mycket arbete lagts ner f\u00f6r att f\u00e4rdigst\u00e4lla rummet och det \u00e4r fortfarande en del kvar att g\u00f6ra. Golvet har reglats, isolerats, byggts igen och f\u00e5tt\" \/>\r\n<meta property=\"og:url\" content=\"https:\/\/aktivitetshuset.vidsel.se\/index.php\/personalrum\/\" \/>\r\n<meta property=\"article:modified_time\" content=\"2023-01-17T21:55:29+00:00\" \/>\r\n<meta property=\"og:image\" content=\"https:\/\/aktivitetshuset.vidsel.se\/wp-content\/uploads\/2022\/06\/20211204_101828-350x205.jpg\" \/>\r\n<meta name=\"twitter:card\" content=\"summary_large_image\" \/>\r\n<meta name=\"twitter:label1\" content=\"Ber\u00e4knad l\u00e4stid\" \/>\n\t<meta name=\"twitter:data1\" content=\"3 minuter\" \/>\r\n<script type=\"application\/ld+json\" class=\"yoast-schema-graph\">{\"@context\":\"https:\/\/schema.org\",\"@graph\":[{\"@type\":\"Organization\",\"@id\":\"https:\/\/aktivitetshuset.vidsel.se\/#organization\",\"name\":\"Vidsels Aktivitetshus Ekonomisk F\u00f6rening\",\"url\":\"https:\/\/aktivitetshuset.vidsel.se\/\",\"sameAs\":[],\"logo\":{\"@type\":\"ImageObject\",\"@id\":\"https:\/\/aktivitetshuset.vidsel.se\/#logo\",\"inLanguage\":\"sv-SE\",\"url\":\"https:\/\/aktivitetshuset.vidsel.se\/wp-content\/uploads\/2021\/06\/Logga2.png\",\"contentUrl\":\"https:\/\/aktivitetshuset.vidsel.se\/wp-content\/uploads\/2021\/06\/Logga2.png\",\"width\":1084,\"height\":439,\"caption\":\"Vidsels Aktivitetshus Ekonomisk F\u00f6rening\"},\"image\":{\"@id\":\"https:\/\/aktivitetshuset.vidsel.se\/#logo\"}},{\"@type\":\"WebSite\",\"@id\":\"https:\/\/aktivitetshuset.vidsel.se\/#website\",\"url\":\"https:\/\/aktivitetshuset.vidsel.se\/\",\"name\":\"Vidsels Aktivitetshus\",\"description\":\"\",\"publisher\":{\"@id\":\"https:\/\/aktivitetshuset.vidsel.se\/#organization\"},\"potentialAction\":[{\"@type\":\"SearchAction\",\"target\":{\"@type\":\"EntryPoint\",\"urlTemplate\":\"https:\/\/aktivitetshuset.vidsel.se\/?s={search_term_string}\"},\"query-input\":\"required name=search_term_string\"}],\"inLanguage\":\"sv-SE\"},{\"@type\":\"ImageObject\",\"@id\":\"https:\/\/aktivitetshuset.vidsel.se\/index.php\/personalrum\/#primaryimage\",\"inLanguage\":\"sv-SE\",\"url\":\"https:\/\/aktivitetshuset.vidsel.se\/wp-content\/uploads\/2022\/06\/20211204_101828-350x205.jpg\",\"contentUrl\":\"https:\/\/aktivitetshuset.vidsel.se\/wp-content\/uploads\/2022\/06\/20211204_101828-350x205.jpg\"},{\"@type\":\"WebPage\",\"@id\":\"https:\/\/aktivitetshuset.vidsel.se\/index.php\/personalrum\/#webpage\",\"url\":\"https:\/\/aktivitetshuset.vidsel.se\/index.php\/personalrum\/\",\"name\":\"Personalrum -\",\"isPartOf\":{\"@id\":\"https:\/\/aktivitetshuset.vidsel.se\/#website\"},\"primaryImageOfPage\":{\"@id\":\"https:\/\/aktivitetshuset.vidsel.se\/index.php\/personalrum\/#primaryimage\"},\"datePublished\":\"2022-06-22T09:18:52+00:00\",\"dateModified\":\"2023-01-17T21:55:29+00:00\",\"breadcrumb\":{\"@id\":\"https:\/\/aktivitetshuset.vidsel.se\/index.php\/personalrum\/#breadcrumb\"},\"inLanguage\":\"sv-SE\",\"potentialAction\":[{\"@type\":\"ReadAction\",\"target\":[\"https:\/\/aktivitetshuset.vidsel.se\/index.php\/personalrum\/\"]}]},{\"@type\":\"BreadcrumbList\",\"@id\":\"https:\/\/aktivitetshuset.vidsel.se\/index.php\/personalrum\/#breadcrumb\",\"itemListElement\":[{\"@type\":\"ListItem\",\"position\":1,\"name\":\"Hem\",\"item\":\"https:\/\/aktivitetshuset.vidsel.se\/\"},{\"@type\":\"ListItem\",\"position\":2,\"name\":\"Personalrum\"}]}]}<\/script>\r\n<!-- \/ Yoast SEO plugin. -->","yoast_head_json":{"title":"Personalrum -","robots":{"index":"index","follow":"follow","max-snippet":"max-snippet:-1","max-image-preview":"max-image-preview:large","max-video-preview":"max-video-preview:-1"},"canonical":"https:\/\/aktivitetshuset.vidsel.se\/index.php\/personalrum\/","og_locale":"sv_SE","og_type":"article","og_title":"Personalrum -","og_description":"Personalrummet Aktivitetshusets tredje vattenskadade rum kommer fungera som personalrum f\u00f6r Friskolan Hj\u00e4rtat. \u00c4ven h\u00e4r har mycket arbete lagts ner f\u00f6r att f\u00e4rdigst\u00e4lla rummet och det \u00e4r fortfarande en del kvar att g\u00f6ra. Golvet har reglats, isolerats, byggts igen och f\u00e5tt","og_url":"https:\/\/aktivitetshuset.vidsel.se\/index.php\/personalrum\/","article_modified_time":"2023-01-17T21:55:29+00:00","og_image":[{"url":"https:\/\/aktivitetshuset.vidsel.se\/wp-content\/uploads\/2022\/06\/20211204_101828-350x205.jpg"}],"twitter_card":"summary_large_image","twitter_misc":{"Ber\u00e4knad l\u00e4stid":"3 minuter"},"schema":{"@context":"https:\/\/schema.org","@graph":[{"@type":"Organization","@id":"https:\/\/aktivitetshuset.vidsel.se\/#organization","name":"Vidsels Aktivitetshus Ekonomisk F\u00f6rening","url":"https:\/\/aktivitetshuset.vidsel.se\/","sameAs":[],"logo":{"@type":"ImageObject","@id":"https:\/\/aktivitetshuset.vidsel.se\/#logo","inLanguage":"sv-SE","url":"https:\/\/aktivitetshuset.vidsel.se\/wp-content\/uploads\/2021\/06\/Logga2.png","contentUrl":"https:\/\/aktivitetshuset.vidsel.se\/wp-content\/uploads\/2021\/06\/Logga2.png","width":1084,"height":439,"caption":"Vidsels Aktivitetshus Ekonomisk F\u00f6rening"},"image":{"@id":"https:\/\/aktivitetshuset.vidsel.se\/#logo"}},{"@type":"WebSite","@id":"https:\/\/aktivitetshuset.vidsel.se\/#website","url":"https:\/\/aktivitetshuset.vidsel.se\/","name":"Vidsels Aktivitetshus","description":"","publisher":{"@id":"https:\/\/aktivitetshuset.vidsel.se\/#organization"},"potentialAction":[{"@type":"SearchAction","target":{"@type":"EntryPoint","urlTemplate":"https:\/\/aktivitetshuset.vidsel.se\/?s={search_term_string}"},"query-input":"required name=search_term_string"}],"inLanguage":"sv-SE"},{"@type":"ImageObject","@id":"https:\/\/aktivitetshuset.vidsel.se\/index.php\/personalrum\/#primaryimage","inLanguage":"sv-SE","url":"https:\/\/aktivitetshuset.vidsel.se\/wp-content\/uploads\/2022\/06\/20211204_101828-350x205.jpg","contentUrl":"https:\/\/aktivitetshuset.vidsel.se\/wp-content\/uploads\/2022\/06\/20211204_101828-350x205.jpg"},{"@type":"WebPage","@id":"https:\/\/aktivitetshuset.vidsel.se\/index.php\/personalrum\/#webpage","url":"https:\/\/aktivitetshuset.vidsel.se\/index.php\/personalrum\/","name":"Personalrum -","isPartOf":{"@id":"https:\/\/aktivitetshuset.vidsel.se\/#website"},"primaryImageOfPage":{"@id":"https:\/\/aktivitetshuset.vidsel.se\/index.php\/personalrum\/#primaryimage"},"datePublished":"2022-06-22T09:18:52+00:00","dateModified":"2023-01-17T21:55:29+00:00","breadcrumb":{"@id":"https:\/\/aktivitetshuset.vidsel.se\/index.php\/personalrum\/#breadcrumb"},"inLanguage":"sv-SE","potentialAction":[{"@type":"ReadAction","target":["https:\/\/aktivitetshuset.vidsel.se\/index.php\/personalrum\/"]}]},{"@type":"BreadcrumbList","@id":"https:\/\/aktivitetshuset.vidsel.se\/index.php\/personalrum\/#breadcrumb","itemListElement":[{"@type":"ListItem","position":1,"name":"Hem","item":"https:\/\/aktivitetshuset.vidsel.se\/"},{"@type":"ListItem","position":2,"name":"Personalrum"}]}]}},"_links":{"self":[{"href":"https:\/\/aktivitetshuset.vidsel.se\/index.php\/wp-json\/wp\/v2\/pages\/1175","targetHints":{"allow":["GET"]}}],"collection":[{"href":"https:\/\/aktivitetshuset.vidsel.se\/index.php\/wp-json\/wp\/v2\/pages"}],"about":[{"href":"https:\/\/aktivitetshuset.vidsel.se\/index.php\/wp-json\/wp\/v2\/types\/page"}],"author":[{"embeddable":true,"href":"https:\/\/aktivitetshuset.vidsel.se\/index.php\/wp-json\/wp\/v2\/users\/3"}],"replies":[{"embeddable":true,"href":"https:\/\/aktivitetshuset.vidsel.se\/index.php\/wp-json\/wp\/v2\/comments?post=1175"}],"version-history":[{"count":17,"href":"https:\/\/aktivitetshuset.vidsel.se\/index.php\/wp-json\/wp\/v2\/pages\/1175\/revisions"}],"predecessor-version":[{"id":1592,"href":"https:\/\/aktivitetshuset.vidsel.se\/index.php\/wp-json\/wp\/v2\/pages\/1175\/revisions\/1592"}],"wp:attachment":[{"href":"https:\/\/aktivitetshuset.vidsel.se\/index.php\/wp-json\/wp\/v2\/media?parent=1175"}],"curies":[{"name":"wp","href":"https:\/\/api.w.org\/{rel}","templated":true}]}}