{"id":1163,"date":"2022-06-22T10:48:33","date_gmt":"2022-06-22T08:48:33","guid":{"rendered":"https:\/\/aktivitetshuset.vidsel.se\/?page_id=1163"},"modified":"2023-01-17T22:51:55","modified_gmt":"2023-01-17T21:51:55","slug":"grupprummet","status":"publish","type":"page","link":"https:\/\/aktivitetshuset.vidsel.se\/index.php\/grupprummet\/","title":{"rendered":"Grupprummet"},"content":{"rendered":"\t\t<div data-elementor-type=\"wp-page\" data-elementor-id=\"1163\" class=\"elementor elementor-1163\" data-elementor-settings=\"[]\">\n\t\t\t\t\t\t\t<div class=\"elementor-section-wrap\">\n\t\t\t\t\t\t\t<section class=\"elementor-section elementor-top-section elementor-element elementor-element-57ce02e elementor-section-boxed elementor-section-height-default elementor-section-height-default\" data-id=\"57ce02e\" data-element_type=\"section\">\n\t\t\t\t\t\t<div class=\"elementor-container elementor-column-gap-default\">\n\t\t\t\t\t<div class=\"elementor-column elementor-col-100 elementor-top-column elementor-element elementor-element-60dc7744\" data-id=\"60dc7744\" data-element_type=\"column\">\n\t\t\t<div class=\"elementor-widget-wrap elementor-element-populated\">\n\t\t\t\t\t\t\t\t<div class=\"elementor-element elementor-element-649c9e07 elementor-widget elementor-widget-heading\" data-id=\"649c9e07\" data-element_type=\"widget\" data-widget_type=\"heading.default\">\n\t\t\t\t<div class=\"elementor-widget-container\">\n\t\t\t<h2 class=\"elementor-heading-title elementor-size-default\">Grupprummet<\/h2>\t\t<\/div>\n\t\t\t\t<\/div>\n\t\t\t\t\t<\/div>\n\t\t<\/div>\n\t\t\t\t\t\t\t<\/div>\n\t\t<\/section>\n\t\t\t\t<section class=\"elementor-section elementor-top-section elementor-element elementor-element-ec0bdb7 elementor-section-boxed elementor-section-height-default elementor-section-height-default\" data-id=\"ec0bdb7\" data-element_type=\"section\">\n\t\t\t\t\t\t<div class=\"elementor-container elementor-column-gap-default\">\n\t\t\t\t\t<div class=\"elementor-column elementor-col-100 elementor-top-column elementor-element elementor-element-5269d7f0\" data-id=\"5269d7f0\" data-element_type=\"column\">\n\t\t\t<div class=\"elementor-widget-wrap elementor-element-populated\">\n\t\t\t\t\t\t\t\t<section class=\"elementor-section elementor-inner-section elementor-element elementor-element-25b30e57 elementor-section-boxed elementor-section-height-default elementor-section-height-default\" data-id=\"25b30e57\" data-element_type=\"section\">\n\t\t\t\t\t\t<div class=\"elementor-container elementor-column-gap-default\">\n\t\t\t\t\t<div class=\"elementor-column elementor-col-100 elementor-inner-column elementor-element elementor-element-51844601\" data-id=\"51844601\" data-element_type=\"column\">\n\t\t\t<div class=\"elementor-widget-wrap elementor-element-populated\">\n\t\t\t\t\t\t\t\t<div class=\"elementor-element elementor-element-3bf266ee elementor-widget elementor-widget-text-editor\" data-id=\"3bf266ee\" data-element_type=\"widget\" data-widget_type=\"text-editor.default\">\n\t\t\t\t<div class=\"elementor-widget-container\">\n\t\t\t\t\t\t\t<p><span style=\"color: #000000;\">\u00c4ven rummet innanf\u00f6r gamla kemisalen saknade golv och har reglats, isolerats och byggts igen med material sk\u00e4nkt av \u00c4lvsbyhus.<\/span><\/p><p><span style=\"color: #000000;\">Efter det gamla hyllsystemet demonterats har v\u00e4ggarna spacklats och m\u00e5lats. Lysr\u00f6rsarmaturerna i taket har bytts ut och f\u00f6rsetts med led-lysr\u00f6r. Golvet spacklats och ny golvmatta lagts.<\/span><\/p><p><span style=\"color: #000000;\">Rummet anv\u00e4nds som grupprum\/ mindre klassrum f\u00f6r Friskolan Hj\u00e4rtat.<\/span><\/p>\t\t\t\t\t\t<\/div>\n\t\t\t\t<\/div>\n\t\t\t\t\t<\/div>\n\t\t<\/div>\n\t\t\t\t\t\t\t<\/div>\n\t\t<\/section>\n\t\t\t\t\t<\/div>\n\t\t<\/div>\n\t\t\t\t\t\t\t<\/div>\n\t\t<\/section>\n\t\t\t\t<section class=\"elementor-section elementor-top-section elementor-element elementor-element-7a5ebd55 elementor-section-boxed elementor-section-height-default elementor-section-height-default\" data-id=\"7a5ebd55\" data-element_type=\"section\">\n\t\t\t\t\t\t<div class=\"elementor-container elementor-column-gap-default\">\n\t\t\t\t\t<div class=\"elementor-column elementor-col-100 elementor-top-column elementor-element elementor-element-123390e0\" data-id=\"123390e0\" data-element_type=\"column\">\n\t\t\t<div class=\"elementor-widget-wrap elementor-element-populated\">\n\t\t\t\t\t\t\t\t<div class=\"elementor-element elementor-element-7828da4c elementor-widget elementor-widget-image-gallery\" data-id=\"7828da4c\" data-element_type=\"widget\" data-widget_type=\"image-gallery.default\">\n\t\t\t\t<div class=\"elementor-widget-container\">\n\t\t\t\t\t<div class=\"elementor-image-gallery\">\n\t\t\t<div id='gallery-1' class='gallery galleryid-1163 gallery-columns-2 gallery-size-small-thumb'><figure class='gallery-item'>\n\t\t\t<div class='gallery-icon landscape'>\n\t\t\t\t<a data-elementor-open-lightbox=\"yes\" data-elementor-lightbox-slideshow=\"7828da4c\" data-elementor-lightbox-title=\"Reglat golv\" href='https:\/\/aktivitetshuset.vidsel.se\/wp-content\/uploads\/2022\/06\/20211027_174742-scaled.jpg'><img loading=\"lazy\" decoding=\"async\" width=\"350\" height=\"205\" src=\"https:\/\/aktivitetshuset.vidsel.se\/wp-content\/uploads\/2022\/06\/20211027_174742-350x205.jpg\" class=\"attachment-small-thumb size-small-thumb\" alt=\"\" \/><\/a>\n\t\t\t<\/div><\/figure><figure class='gallery-item'>\n\t\t\t<div class='gallery-icon portrait'>\n\t\t\t\t<a data-elementor-open-lightbox=\"yes\" data-elementor-lightbox-slideshow=\"7828da4c\" data-elementor-lightbox-title=\"Golvet igenbyggt\" href='https:\/\/aktivitetshuset.vidsel.se\/wp-content\/uploads\/2022\/06\/IMG_5365-scaled-e1655889942565.jpg'><img loading=\"lazy\" decoding=\"async\" width=\"350\" height=\"205\" src=\"https:\/\/aktivitetshuset.vidsel.se\/wp-content\/uploads\/2022\/06\/IMG_5365-scaled-e1655889942565-350x205.jpg\" class=\"attachment-small-thumb size-small-thumb\" alt=\"\" \/><\/a>\n\t\t\t<\/div><\/figure><figure class='gallery-item'>\n\t\t\t<div class='gallery-icon portrait'>\n\t\t\t\t<a data-elementor-open-lightbox=\"yes\" data-elementor-lightbox-slideshow=\"7828da4c\" data-elementor-lightbox-title=\"M\u00e5lning\" href='https:\/\/aktivitetshuset.vidsel.se\/wp-content\/uploads\/2022\/06\/IMG_5413-scaled-e1655889928783.jpg'><img loading=\"lazy\" decoding=\"async\" width=\"350\" height=\"205\" src=\"https:\/\/aktivitetshuset.vidsel.se\/wp-content\/uploads\/2022\/06\/IMG_5413-scaled-e1655889928783-350x205.jpg\" class=\"attachment-small-thumb size-small-thumb\" alt=\"\" \/><\/a>\n\t\t\t<\/div><\/figure><figure class='gallery-item'>\n\t\t\t<div class='gallery-icon portrait'>\n\t\t\t\t<a data-elementor-open-lightbox=\"yes\" data-elementor-lightbox-slideshow=\"7828da4c\" data-elementor-lightbox-title=\"Montering av lysr\u00f6rsarmaturer\" href='https:\/\/aktivitetshuset.vidsel.se\/wp-content\/uploads\/2022\/06\/IMG_5460-scaled-e1655889912476.jpg'><img loading=\"lazy\" decoding=\"async\" width=\"350\" height=\"205\" src=\"https:\/\/aktivitetshuset.vidsel.se\/wp-content\/uploads\/2022\/06\/IMG_5460-scaled-e1655889912476-350x205.jpg\" class=\"attachment-small-thumb size-small-thumb\" alt=\"\" \/><\/a>\n\t\t\t<\/div><\/figure><figure class='gallery-item'>\n\t\t\t<div class='gallery-icon portrait'>\n\t\t\t\t<a data-elementor-open-lightbox=\"yes\" data-elementor-lightbox-slideshow=\"7828da4c\" data-elementor-lightbox-title=\"Underarbete\" href='https:\/\/aktivitetshuset.vidsel.se\/wp-content\/uploads\/2022\/06\/IMG_5680-scaled-e1655889896312.jpg'><img loading=\"lazy\" decoding=\"async\" width=\"350\" height=\"205\" src=\"https:\/\/aktivitetshuset.vidsel.se\/wp-content\/uploads\/2022\/06\/IMG_5680-scaled-e1655889896312-350x205.jpg\" class=\"attachment-small-thumb size-small-thumb\" alt=\"\" \/><\/a>\n\t\t\t<\/div><\/figure><figure class='gallery-item'>\n\t\t\t<div class='gallery-icon portrait'>\n\t\t\t\t<a data-elementor-open-lightbox=\"yes\" data-elementor-lightbox-slideshow=\"7828da4c\" data-elementor-lightbox-title=\"V\u00e4ggarna m\u00e5lade och golvet p\u00e5 plats\" href='https:\/\/aktivitetshuset.vidsel.se\/wp-content\/uploads\/2022\/06\/IMG_5724-kopia-scaled-e1655889880201.jpg'><img loading=\"lazy\" decoding=\"async\" width=\"350\" height=\"205\" src=\"https:\/\/aktivitetshuset.vidsel.se\/wp-content\/uploads\/2022\/06\/IMG_5724-kopia-scaled-e1655889880201-350x205.jpg\" class=\"attachment-small-thumb size-small-thumb\" alt=\"\" \/><\/a>\n\t\t\t<\/div><\/figure><figure class='gallery-item'>\n\t\t\t<div class='gallery-icon landscape'>\n\t\t\t\t<a data-elementor-open-lightbox=\"yes\" data-elementor-lightbox-slideshow=\"7828da4c\" data-elementor-lightbox-title=\"M\u00f6tesrum mediab\u00e4nk\" href='https:\/\/aktivitetshuset.vidsel.se\/wp-content\/uploads\/2023\/01\/Motesrum_Mediabank-scaled.jpg'><img loading=\"lazy\" decoding=\"async\" width=\"350\" height=\"205\" src=\"https:\/\/aktivitetshuset.vidsel.se\/wp-content\/uploads\/2023\/01\/Motesrum_Mediabank-350x205.jpg\" class=\"attachment-small-thumb size-small-thumb\" alt=\"\" \/><\/a>\n\t\t\t<\/div><\/figure>\n\t\t<\/div>\n\t\t<\/div>\n\t\t\t\t<\/div>\n\t\t\t\t<\/div>\n\t\t\t\t\t<\/div>\n\t\t<\/div>\n\t\t\t\t\t\t\t<\/div>\n\t\t<\/section>\n\t\t\t\t<section class=\"elementor-section elementor-top-section elementor-element elementor-element-453f9675 elementor-section-boxed elementor-section-height-default elementor-section-height-default\" data-id=\"453f9675\" data-element_type=\"section\">\n\t\t\t\t\t\t<div class=\"elementor-container elementor-column-gap-default\">\n\t\t\t\t\t<div class=\"elementor-column elementor-col-100 elementor-top-column elementor-element elementor-element-53167ffe\" data-id=\"53167ffe\" data-element_type=\"column\">\n\t\t\t<div class=\"elementor-widget-wrap elementor-element-populated\">\n\t\t\t\t\t\t\t\t<div class=\"elementor-element elementor-element-11063595 elementor-widget-divider--view-line elementor-widget elementor-widget-divider\" data-id=\"11063595\" data-element_type=\"widget\" data-widget_type=\"divider.default\">\n\t\t\t\t<div class=\"elementor-widget-container\">\n\t\t\t\t\t<div class=\"elementor-divider\">\n\t\t\t<span class=\"elementor-divider-separator\">\n\t\t\t\t\t\t<\/span>\n\t\t<\/div>\n\t\t\t\t<\/div>\n\t\t\t\t<\/div>\n\t\t\t\t\t<\/div>\n\t\t<\/div>\n\t\t\t\t\t\t\t<\/div>\n\t\t<\/section>\n\t\t\t\t<section class=\"elementor-section elementor-top-section elementor-element elementor-element-64ea24d0 elementor-section-boxed elementor-section-height-default elementor-section-height-default\" data-id=\"64ea24d0\" data-element_type=\"section\">\n\t\t\t\t\t\t<div class=\"elementor-container elementor-column-gap-default\">\n\t\t\t\t\t<div class=\"elementor-column elementor-col-50 elementor-top-column elementor-element elementor-element-118a40e8\" data-id=\"118a40e8\" data-element_type=\"column\">\n\t\t\t<div class=\"elementor-widget-wrap elementor-element-populated\">\n\t\t\t\t\t\t\t\t<div class=\"elementor-element elementor-element-a946890 elementor-widget elementor-widget-text-editor\" data-id=\"a946890\" data-element_type=\"widget\" data-widget_type=\"text-editor.default\">\n\t\t\t\t<div class=\"elementor-widget-container\">\n\t\t\t\t\t\t\t<p style=\"text-align: left;\"><a href=\"https:\/\/aktivitetshuset.vidsel.se\/index.php\/slutforda-projekt\/\"><span style=\"color: #174998;\"><strong>&lt; Tillbaka till \u00f6versikt<\/strong><\/span><\/a><\/p>\t\t\t\t\t\t<\/div>\n\t\t\t\t<\/div>\n\t\t\t\t\t<\/div>\n\t\t<\/div>\n\t\t\t\t<div class=\"elementor-column elementor-col-50 elementor-top-column elementor-element elementor-element-63bc7fb5\" data-id=\"63bc7fb5\" data-element_type=\"column\">\n\t\t\t<div class=\"elementor-widget-wrap elementor-element-populated\">\n\t\t\t\t\t\t\t\t<div class=\"elementor-element elementor-element-6a098fa2 elementor-widget elementor-widget-text-editor\" data-id=\"6a098fa2\" data-element_type=\"widget\" data-widget_type=\"text-editor.default\">\n\t\t\t\t<div class=\"elementor-widget-container\">\n\t\t\t\t\t\t\t<p style=\"text-align: right;\"><a href=\"https:\/\/aktivitetshuset.vidsel.se\/index.php\/personalrum\/\"><span style=\"color: #174998;\"><strong>Personalrummet &gt;<\/strong><\/span><\/a><\/p>\t\t\t\t\t\t<\/div>\n\t\t\t\t<\/div>\n\t\t\t\t\t<\/div>\n\t\t<\/div>\n\t\t\t\t\t\t\t<\/div>\n\t\t<\/section>\n\t\t\t\t\t\t<\/div>\n\t\t\t\t\t<\/div>\n\t\t","protected":false},"excerpt":{"rendered":"<p>Grupprummet \u00c4ven rummet innanf\u00f6r gamla kemisalen saknade golv och har reglats, isolerats och byggts igen med material sk\u00e4nkt av \u00c4lvsbyhus. Efter det gamla hyllsystemet demonterats har v\u00e4ggarna spacklats och m\u00e5lats. Lysr\u00f6rsarmaturerna i taket har bytts ut och f\u00f6rsetts med led-lysr\u00f6r.<\/p>\n","protected":false},"author":3,"featured_media":0,"parent":0,"menu_order":0,"comment_status":"closed","ping_status":"closed","template":"","meta":{"footnotes":""},"class_list":["post-1163","page","type-page","status-publish","hentry"],"yoast_head":"<!-- This site is optimized with the Yoast SEO plugin v18.1 - https:\/\/yoast.com\/wordpress\/plugins\/seo\/ -->\r\n<title>Grupprummet -<\/title>\r\n<meta name=\"robots\" content=\"index, follow, max-snippet:-1, max-image-preview:large, max-video-preview:-1\" \/>\r\n<link rel=\"canonical\" href=\"https:\/\/aktivitetshuset.vidsel.se\/index.php\/grupprummet\/\" \/>\r\n<meta property=\"og:locale\" content=\"sv_SE\" \/>\r\n<meta property=\"og:type\" content=\"article\" \/>\r\n<meta property=\"og:title\" content=\"Grupprummet -\" \/>\r\n<meta property=\"og:description\" content=\"Grupprummet \u00c4ven rummet innanf\u00f6r gamla kemisalen saknade golv och har reglats, isolerats och byggts igen med material sk\u00e4nkt av \u00c4lvsbyhus. Efter det gamla hyllsystemet demonterats har v\u00e4ggarna spacklats och m\u00e5lats. Lysr\u00f6rsarmaturerna i taket har bytts ut och f\u00f6rsetts med led-lysr\u00f6r.\" \/>\r\n<meta property=\"og:url\" content=\"https:\/\/aktivitetshuset.vidsel.se\/index.php\/grupprummet\/\" \/>\r\n<meta property=\"article:modified_time\" content=\"2023-01-17T21:51:55+00:00\" \/>\r\n<meta property=\"og:image\" content=\"https:\/\/aktivitetshuset.vidsel.se\/wp-content\/uploads\/2022\/06\/20211027_174742-350x205.jpg\" \/>\r\n<meta name=\"twitter:card\" content=\"summary_large_image\" \/>\r\n<meta name=\"twitter:label1\" content=\"Ber\u00e4knad l\u00e4stid\" \/>\n\t<meta name=\"twitter:data1\" content=\"2 minuter\" \/>\r\n<script type=\"application\/ld+json\" class=\"yoast-schema-graph\">{\"@context\":\"https:\/\/schema.org\",\"@graph\":[{\"@type\":\"Organization\",\"@id\":\"https:\/\/aktivitetshuset.vidsel.se\/#organization\",\"name\":\"Vidsels Aktivitetshus Ekonomisk F\u00f6rening\",\"url\":\"https:\/\/aktivitetshuset.vidsel.se\/\",\"sameAs\":[],\"logo\":{\"@type\":\"ImageObject\",\"@id\":\"https:\/\/aktivitetshuset.vidsel.se\/#logo\",\"inLanguage\":\"sv-SE\",\"url\":\"https:\/\/aktivitetshuset.vidsel.se\/wp-content\/uploads\/2021\/06\/Logga2.png\",\"contentUrl\":\"https:\/\/aktivitetshuset.vidsel.se\/wp-content\/uploads\/2021\/06\/Logga2.png\",\"width\":1084,\"height\":439,\"caption\":\"Vidsels Aktivitetshus Ekonomisk F\u00f6rening\"},\"image\":{\"@id\":\"https:\/\/aktivitetshuset.vidsel.se\/#logo\"}},{\"@type\":\"WebSite\",\"@id\":\"https:\/\/aktivitetshuset.vidsel.se\/#website\",\"url\":\"https:\/\/aktivitetshuset.vidsel.se\/\",\"name\":\"Vidsels Aktivitetshus\",\"description\":\"\",\"publisher\":{\"@id\":\"https:\/\/aktivitetshuset.vidsel.se\/#organization\"},\"potentialAction\":[{\"@type\":\"SearchAction\",\"target\":{\"@type\":\"EntryPoint\",\"urlTemplate\":\"https:\/\/aktivitetshuset.vidsel.se\/?s={search_term_string}\"},\"query-input\":\"required name=search_term_string\"}],\"inLanguage\":\"sv-SE\"},{\"@type\":\"ImageObject\",\"@id\":\"https:\/\/aktivitetshuset.vidsel.se\/index.php\/grupprummet\/#primaryimage\",\"inLanguage\":\"sv-SE\",\"url\":\"https:\/\/aktivitetshuset.vidsel.se\/wp-content\/uploads\/2022\/06\/20211027_174742-350x205.jpg\",\"contentUrl\":\"https:\/\/aktivitetshuset.vidsel.se\/wp-content\/uploads\/2022\/06\/20211027_174742-350x205.jpg\"},{\"@type\":\"WebPage\",\"@id\":\"https:\/\/aktivitetshuset.vidsel.se\/index.php\/grupprummet\/#webpage\",\"url\":\"https:\/\/aktivitetshuset.vidsel.se\/index.php\/grupprummet\/\",\"name\":\"Grupprummet -\",\"isPartOf\":{\"@id\":\"https:\/\/aktivitetshuset.vidsel.se\/#website\"},\"primaryImageOfPage\":{\"@id\":\"https:\/\/aktivitetshuset.vidsel.se\/index.php\/grupprummet\/#primaryimage\"},\"datePublished\":\"2022-06-22T08:48:33+00:00\",\"dateModified\":\"2023-01-17T21:51:55+00:00\",\"breadcrumb\":{\"@id\":\"https:\/\/aktivitetshuset.vidsel.se\/index.php\/grupprummet\/#breadcrumb\"},\"inLanguage\":\"sv-SE\",\"potentialAction\":[{\"@type\":\"ReadAction\",\"target\":[\"https:\/\/aktivitetshuset.vidsel.se\/index.php\/grupprummet\/\"]}]},{\"@type\":\"BreadcrumbList\",\"@id\":\"https:\/\/aktivitetshuset.vidsel.se\/index.php\/grupprummet\/#breadcrumb\",\"itemListElement\":[{\"@type\":\"ListItem\",\"position\":1,\"name\":\"Hem\",\"item\":\"https:\/\/aktivitetshuset.vidsel.se\/\"},{\"@type\":\"ListItem\",\"position\":2,\"name\":\"Grupprummet\"}]}]}<\/script>\r\n<!-- \/ Yoast SEO plugin. -->","yoast_head_json":{"title":"Grupprummet -","robots":{"index":"index","follow":"follow","max-snippet":"max-snippet:-1","max-image-preview":"max-image-preview:large","max-video-preview":"max-video-preview:-1"},"canonical":"https:\/\/aktivitetshuset.vidsel.se\/index.php\/grupprummet\/","og_locale":"sv_SE","og_type":"article","og_title":"Grupprummet -","og_description":"Grupprummet \u00c4ven rummet innanf\u00f6r gamla kemisalen saknade golv och har reglats, isolerats och byggts igen med material sk\u00e4nkt av \u00c4lvsbyhus. Efter det gamla hyllsystemet demonterats har v\u00e4ggarna spacklats och m\u00e5lats. Lysr\u00f6rsarmaturerna i taket har bytts ut och f\u00f6rsetts med led-lysr\u00f6r.","og_url":"https:\/\/aktivitetshuset.vidsel.se\/index.php\/grupprummet\/","article_modified_time":"2023-01-17T21:51:55+00:00","og_image":[{"url":"https:\/\/aktivitetshuset.vidsel.se\/wp-content\/uploads\/2022\/06\/20211027_174742-350x205.jpg"}],"twitter_card":"summary_large_image","twitter_misc":{"Ber\u00e4knad l\u00e4stid":"2 minuter"},"schema":{"@context":"https:\/\/schema.org","@graph":[{"@type":"Organization","@id":"https:\/\/aktivitetshuset.vidsel.se\/#organization","name":"Vidsels Aktivitetshus Ekonomisk F\u00f6rening","url":"https:\/\/aktivitetshuset.vidsel.se\/","sameAs":[],"logo":{"@type":"ImageObject","@id":"https:\/\/aktivitetshuset.vidsel.se\/#logo","inLanguage":"sv-SE","url":"https:\/\/aktivitetshuset.vidsel.se\/wp-content\/uploads\/2021\/06\/Logga2.png","contentUrl":"https:\/\/aktivitetshuset.vidsel.se\/wp-content\/uploads\/2021\/06\/Logga2.png","width":1084,"height":439,"caption":"Vidsels Aktivitetshus Ekonomisk F\u00f6rening"},"image":{"@id":"https:\/\/aktivitetshuset.vidsel.se\/#logo"}},{"@type":"WebSite","@id":"https:\/\/aktivitetshuset.vidsel.se\/#website","url":"https:\/\/aktivitetshuset.vidsel.se\/","name":"Vidsels Aktivitetshus","description":"","publisher":{"@id":"https:\/\/aktivitetshuset.vidsel.se\/#organization"},"potentialAction":[{"@type":"SearchAction","target":{"@type":"EntryPoint","urlTemplate":"https:\/\/aktivitetshuset.vidsel.se\/?s={search_term_string}"},"query-input":"required name=search_term_string"}],"inLanguage":"sv-SE"},{"@type":"ImageObject","@id":"https:\/\/aktivitetshuset.vidsel.se\/index.php\/grupprummet\/#primaryimage","inLanguage":"sv-SE","url":"https:\/\/aktivitetshuset.vidsel.se\/wp-content\/uploads\/2022\/06\/20211027_174742-350x205.jpg","contentUrl":"https:\/\/aktivitetshuset.vidsel.se\/wp-content\/uploads\/2022\/06\/20211027_174742-350x205.jpg"},{"@type":"WebPage","@id":"https:\/\/aktivitetshuset.vidsel.se\/index.php\/grupprummet\/#webpage","url":"https:\/\/aktivitetshuset.vidsel.se\/index.php\/grupprummet\/","name":"Grupprummet -","isPartOf":{"@id":"https:\/\/aktivitetshuset.vidsel.se\/#website"},"primaryImageOfPage":{"@id":"https:\/\/aktivitetshuset.vidsel.se\/index.php\/grupprummet\/#primaryimage"},"datePublished":"2022-06-22T08:48:33+00:00","dateModified":"2023-01-17T21:51:55+00:00","breadcrumb":{"@id":"https:\/\/aktivitetshuset.vidsel.se\/index.php\/grupprummet\/#breadcrumb"},"inLanguage":"sv-SE","potentialAction":[{"@type":"ReadAction","target":["https:\/\/aktivitetshuset.vidsel.se\/index.php\/grupprummet\/"]}]},{"@type":"BreadcrumbList","@id":"https:\/\/aktivitetshuset.vidsel.se\/index.php\/grupprummet\/#breadcrumb","itemListElement":[{"@type":"ListItem","position":1,"name":"Hem","item":"https:\/\/aktivitetshuset.vidsel.se\/"},{"@type":"ListItem","position":2,"name":"Grupprummet"}]}]}},"_links":{"self":[{"href":"https:\/\/aktivitetshuset.vidsel.se\/index.php\/wp-json\/wp\/v2\/pages\/1163","targetHints":{"allow":["GET"]}}],"collection":[{"href":"https:\/\/aktivitetshuset.vidsel.se\/index.php\/wp-json\/wp\/v2\/pages"}],"about":[{"href":"https:\/\/aktivitetshuset.vidsel.se\/index.php\/wp-json\/wp\/v2\/types\/page"}],"author":[{"embeddable":true,"href":"https:\/\/aktivitetshuset.vidsel.se\/index.php\/wp-json\/wp\/v2\/users\/3"}],"replies":[{"embeddable":true,"href":"https:\/\/aktivitetshuset.vidsel.se\/index.php\/wp-json\/wp\/v2\/comments?post=1163"}],"version-history":[{"count":17,"href":"https:\/\/aktivitetshuset.vidsel.se\/index.php\/wp-json\/wp\/v2\/pages\/1163\/revisions"}],"predecessor-version":[{"id":1587,"href":"https:\/\/aktivitetshuset.vidsel.se\/index.php\/wp-json\/wp\/v2\/pages\/1163\/revisions\/1587"}],"wp:attachment":[{"href":"https:\/\/aktivitetshuset.vidsel.se\/index.php\/wp-json\/wp\/v2\/media?parent=1163"}],"curies":[{"name":"wp","href":"https:\/\/api.w.org\/{rel}","templated":true}]}}