{"id":1091,"date":"2022-06-06T11:38:26","date_gmt":"2022-06-06T09:38:26","guid":{"rendered":"https:\/\/aktivitetshuset.vidsel.se\/?page_id=1091"},"modified":"2022-06-06T11:41:40","modified_gmt":"2022-06-06T09:41:40","slug":"projektstod","status":"publish","type":"page","link":"https:\/\/aktivitetshuset.vidsel.se\/index.php\/projektstod\/","title":{"rendered":"Information om projektst\u00f6d"},"content":{"rendered":"\t\t<div data-elementor-type=\"wp-page\" data-elementor-id=\"1091\" class=\"elementor elementor-1091\" data-elementor-settings=\"[]\">\n\t\t\t\t\t\t\t<div class=\"elementor-section-wrap\">\n\t\t\t\t\t\t\t<section class=\"elementor-section elementor-top-section elementor-element elementor-element-77de74b elementor-section-boxed elementor-section-height-default elementor-section-height-default\" data-id=\"77de74b\" data-element_type=\"section\">\n\t\t\t\t\t\t<div class=\"elementor-container elementor-column-gap-default\">\n\t\t\t\t\t<div class=\"elementor-column elementor-col-100 elementor-top-column elementor-element elementor-element-8680eb5\" data-id=\"8680eb5\" data-element_type=\"column\">\n\t\t\t<div class=\"elementor-widget-wrap elementor-element-populated\">\n\t\t\t\t\t\t\t\t<div class=\"elementor-element elementor-element-c47fee6 elementor-widget elementor-widget-heading\" data-id=\"c47fee6\" data-element_type=\"widget\" data-widget_type=\"heading.default\">\n\t\t\t\t<div class=\"elementor-widget-container\">\n\t\t\t<h2 class=\"elementor-heading-title elementor-size-default\">Projektst\u00f6d<\/h2>\t\t<\/div>\n\t\t\t\t<\/div>\n\t\t\t\t\t<\/div>\n\t\t<\/div>\n\t\t\t\t\t\t\t<\/div>\n\t\t<\/section>\n\t\t\t\t<section class=\"elementor-section elementor-top-section elementor-element elementor-element-8dd2578 elementor-section-boxed elementor-section-height-default elementor-section-height-default\" data-id=\"8dd2578\" data-element_type=\"section\">\n\t\t\t\t\t\t<div class=\"elementor-container elementor-column-gap-default\">\n\t\t\t\t\t<div class=\"elementor-column elementor-col-50 elementor-top-column elementor-element elementor-element-ed82996\" data-id=\"ed82996\" data-element_type=\"column\">\n\t\t\t<div class=\"elementor-widget-wrap elementor-element-populated\">\n\t\t\t\t\t\t\t\t<div class=\"elementor-element elementor-element-fb78e87 elementor-widget elementor-widget-text-editor\" data-id=\"fb78e87\" data-element_type=\"widget\" data-widget_type=\"text-editor.default\">\n\t\t\t\t<div class=\"elementor-widget-container\">\n\t\t\t\t\t\t\t<p><span style=\"color: #000000;\">L\u00e4nsstyrelsen i Norrbottens l\u00e4n har beviljat v\u00e5r ans\u00f6kan om projektst\u00f6d f\u00f6r Vidsels aktivitetshus e.f. Ventilation med journalnummer 2022-98 inom landsbygdsprogrammet 2014\u20132020.<\/span><\/p><p><span style=\"color: #000000;\">Pengarna fr\u00e5n landsbygdsprogrammet 2014\u20132020 tillsammans med pengarna fr\u00e5n v\u00e5r medfinansi\u00e4r \u00c4lvsbyns kommun begr\u00e4nsas till h\u00f6gst 90,00 procent av de utgifter som ger r\u00e4tt till st\u00f6d.<\/span><\/p><p><span style=\"color: #000000;\">St\u00f6det fr\u00e5n landsbygdsprogrammet 2014\u20132020 finansieras delvis av pengar fr\u00e5n Europeiska jordbruksfonden f\u00f6r landsbygdsutveckling.<\/span><\/p>\t\t\t\t\t\t<\/div>\n\t\t\t\t<\/div>\n\t\t\t\t\t<\/div>\n\t\t<\/div>\n\t\t\t\t<div class=\"elementor-column elementor-col-50 elementor-top-column elementor-element elementor-element-d9b30f7\" data-id=\"d9b30f7\" data-element_type=\"column\">\n\t\t\t<div class=\"elementor-widget-wrap elementor-element-populated\">\n\t\t\t\t\t\t\t\t<div class=\"elementor-element elementor-element-35ce0f1 elementor-widget elementor-widget-image\" data-id=\"35ce0f1\" data-element_type=\"widget\" data-widget_type=\"image.default\">\n\t\t\t\t<div class=\"elementor-widget-container\">\n\t\t\t\t\t\t\t\t\t\t\t\t\t\t\t<img loading=\"lazy\" decoding=\"async\" width=\"709\" height=\"676\" src=\"https:\/\/aktivitetshuset.vidsel.se\/wp-content\/uploads\/2022\/06\/EU-logo-jordbruksfonden-farg.jpg\" class=\"attachment-large size-large\" alt=\"\" srcset=\"https:\/\/aktivitetshuset.vidsel.se\/wp-content\/uploads\/2022\/06\/EU-logo-jordbruksfonden-farg.jpg 709w, https:\/\/aktivitetshuset.vidsel.se\/wp-content\/uploads\/2022\/06\/EU-logo-jordbruksfonden-farg-300x286.jpg 300w\" sizes=\"auto, (max-width: 709px) 100vw, 709px\" \/>\t\t\t\t\t\t\t\t\t\t\t\t\t\t\t<\/div>\n\t\t\t\t<\/div>\n\t\t\t\t\t<\/div>\n\t\t<\/div>\n\t\t\t\t\t\t\t<\/div>\n\t\t<\/section>\n\t\t\t\t<section class=\"elementor-section elementor-top-section elementor-element elementor-element-b7906b7 elementor-section-boxed elementor-section-height-default elementor-section-height-default\" data-id=\"b7906b7\" data-element_type=\"section\">\n\t\t\t\t\t\t<div class=\"elementor-container elementor-column-gap-default\">\n\t\t\t\t\t<div class=\"elementor-column elementor-col-100 elementor-top-column elementor-element elementor-element-0524daf\" data-id=\"0524daf\" data-element_type=\"column\">\n\t\t\t<div class=\"elementor-widget-wrap elementor-element-populated\">\n\t\t\t\t\t\t\t\t<div class=\"elementor-element elementor-element-fe63489 elementor-widget elementor-widget-text-editor\" data-id=\"fe63489\" data-element_type=\"widget\" data-widget_type=\"text-editor.default\">\n\t\t\t\t<div class=\"elementor-widget-container\">\n\t\t\t\t\t\t\t<h3><span style=\"color: #174998;\"><strong>Projektets syfte och m\u00e5l<\/strong><\/span><\/h3><p><span style=\"color: #000000;\">Syftet med projektet \u00e4r att beh\u00e5lla aktivitetshuset i Vidsel som en fungerande och m\u00e5ngsidig lokal som kan nyttjas som samlingslokal, f\u00f6r f\u00f6reningars verksamhet samt delvis som lokal f\u00f6r friskola.<\/span><\/p><p><span style=\"color: #000000;\">M\u00e5let med projektet \u00e4r att f\u00e5 till en fungerande ventilation med modern och energieffektiv styrning, minska uppv\u00e4rmningskostnaderna med hj\u00e4lp av isolering, f\u00f6rb\u00e4ttra tillg\u00e4ngligheten med nytt l\u00e5ssystem samt \u00e5terst\u00e4lla rum som varit vattenskadade.<\/span><\/p><p><span style=\"color: #000000;\">Projektet best\u00e5r i att:<\/span><\/p><ul><li><span style=\"color: #000000;\">Installera nytt ventilationssystem som bidrar till minskade v\u00e4rmekostnader och som styrs utefter verksamhetens krav, detta inkluderar el- och VVS-installation.<\/span><\/li><li><span style=\"color: #000000;\">Till\u00e4ggsisolering av vindsutrymme, totalt 560 m2, med l\u00f6sull.<\/span><\/li><li><span style=\"color: #000000;\">Ink\u00f6p och installation av elektroniskt l\u00e5ssystem med programmerbara nycklar.<\/span><\/li><li><span style=\"color: #000000;\">\u00c5terst\u00e4llning av golv efter vattenskada.<\/span><\/li><li><span style=\"color: #000000;\">Rasskydd vid entr\u00e9er och andra strategiska punkter.<\/span><\/li><li><span style=\"color: #000000;\">Ekonomisk redovisning av projektet.<\/span><\/li><\/ul>\t\t\t\t\t\t<\/div>\n\t\t\t\t<\/div>\n\t\t\t\t\t<\/div>\n\t\t<\/div>\n\t\t\t\t\t\t\t<\/div>\n\t\t<\/section>\n\t\t\t\t\t\t<\/div>\n\t\t\t\t\t<\/div>\n\t\t","protected":false},"excerpt":{"rendered":"<p>Projektst\u00f6d L\u00e4nsstyrelsen i Norrbottens l\u00e4n har beviljat v\u00e5r ans\u00f6kan om projektst\u00f6d f\u00f6r Vidsels aktivitetshus e.f. Ventilation med journalnummer 2022-98 inom landsbygdsprogrammet 2014\u20132020. Pengarna fr\u00e5n landsbygdsprogrammet 2014\u20132020 tillsammans med pengarna fr\u00e5n v\u00e5r medfinansi\u00e4r \u00c4lvsbyns kommun begr\u00e4nsas till h\u00f6gst 90,00 procent av<\/p>\n","protected":false},"author":3,"featured_media":0,"parent":0,"menu_order":0,"comment_status":"closed","ping_status":"closed","template":"","meta":{"footnotes":""},"class_list":["post-1091","page","type-page","status-publish","hentry"],"yoast_head":"<!-- This site is optimized with the Yoast SEO plugin v18.1 - https:\/\/yoast.com\/wordpress\/plugins\/seo\/ -->\r\n<title>Information om projektst\u00f6d -<\/title>\r\n<meta name=\"robots\" content=\"index, follow, max-snippet:-1, max-image-preview:large, max-video-preview:-1\" \/>\r\n<link rel=\"canonical\" href=\"https:\/\/aktivitetshuset.vidsel.se\/index.php\/projektstod\/\" \/>\r\n<meta property=\"og:locale\" content=\"sv_SE\" \/>\r\n<meta property=\"og:type\" content=\"article\" \/>\r\n<meta property=\"og:title\" content=\"Information om projektst\u00f6d -\" \/>\r\n<meta property=\"og:description\" content=\"Projektst\u00f6d L\u00e4nsstyrelsen i Norrbottens l\u00e4n har beviljat v\u00e5r ans\u00f6kan om projektst\u00f6d f\u00f6r Vidsels aktivitetshus e.f. Ventilation med journalnummer 2022-98 inom landsbygdsprogrammet 2014\u20132020. Pengarna fr\u00e5n landsbygdsprogrammet 2014\u20132020 tillsammans med pengarna fr\u00e5n v\u00e5r medfinansi\u00e4r \u00c4lvsbyns kommun begr\u00e4nsas till h\u00f6gst 90,00 procent av\" \/>\r\n<meta property=\"og:url\" content=\"https:\/\/aktivitetshuset.vidsel.se\/index.php\/projektstod\/\" \/>\r\n<meta property=\"article:modified_time\" content=\"2022-06-06T09:41:40+00:00\" \/>\r\n<meta property=\"og:image\" content=\"https:\/\/aktivitetshuset.vidsel.se\/wp-content\/uploads\/2022\/06\/EU-logo-jordbruksfonden-farg.jpg\" \/>\r\n<meta name=\"twitter:card\" content=\"summary_large_image\" \/>\r\n<meta name=\"twitter:label1\" content=\"Ber\u00e4knad l\u00e4stid\" \/>\n\t<meta name=\"twitter:data1\" content=\"2 minuter\" \/>\r\n<script type=\"application\/ld+json\" class=\"yoast-schema-graph\">{\"@context\":\"https:\/\/schema.org\",\"@graph\":[{\"@type\":\"Organization\",\"@id\":\"https:\/\/aktivitetshuset.vidsel.se\/#organization\",\"name\":\"Vidsels Aktivitetshus Ekonomisk F\u00f6rening\",\"url\":\"https:\/\/aktivitetshuset.vidsel.se\/\",\"sameAs\":[],\"logo\":{\"@type\":\"ImageObject\",\"@id\":\"https:\/\/aktivitetshuset.vidsel.se\/#logo\",\"inLanguage\":\"sv-SE\",\"url\":\"https:\/\/aktivitetshuset.vidsel.se\/wp-content\/uploads\/2021\/06\/Logga2.png\",\"contentUrl\":\"https:\/\/aktivitetshuset.vidsel.se\/wp-content\/uploads\/2021\/06\/Logga2.png\",\"width\":1084,\"height\":439,\"caption\":\"Vidsels Aktivitetshus Ekonomisk F\u00f6rening\"},\"image\":{\"@id\":\"https:\/\/aktivitetshuset.vidsel.se\/#logo\"}},{\"@type\":\"WebSite\",\"@id\":\"https:\/\/aktivitetshuset.vidsel.se\/#website\",\"url\":\"https:\/\/aktivitetshuset.vidsel.se\/\",\"name\":\"Vidsels Aktivitetshus\",\"description\":\"\",\"publisher\":{\"@id\":\"https:\/\/aktivitetshuset.vidsel.se\/#organization\"},\"potentialAction\":[{\"@type\":\"SearchAction\",\"target\":{\"@type\":\"EntryPoint\",\"urlTemplate\":\"https:\/\/aktivitetshuset.vidsel.se\/?s={search_term_string}\"},\"query-input\":\"required name=search_term_string\"}],\"inLanguage\":\"sv-SE\"},{\"@type\":\"ImageObject\",\"@id\":\"https:\/\/aktivitetshuset.vidsel.se\/index.php\/projektstod\/#primaryimage\",\"inLanguage\":\"sv-SE\",\"url\":\"https:\/\/aktivitetshuset.vidsel.se\/wp-content\/uploads\/2022\/06\/EU-logo-jordbruksfonden-farg.jpg\",\"contentUrl\":\"https:\/\/aktivitetshuset.vidsel.se\/wp-content\/uploads\/2022\/06\/EU-logo-jordbruksfonden-farg.jpg\",\"width\":709,\"height\":676},{\"@type\":\"WebPage\",\"@id\":\"https:\/\/aktivitetshuset.vidsel.se\/index.php\/projektstod\/#webpage\",\"url\":\"https:\/\/aktivitetshuset.vidsel.se\/index.php\/projektstod\/\",\"name\":\"Information om projektst\u00f6d -\",\"isPartOf\":{\"@id\":\"https:\/\/aktivitetshuset.vidsel.se\/#website\"},\"primaryImageOfPage\":{\"@id\":\"https:\/\/aktivitetshuset.vidsel.se\/index.php\/projektstod\/#primaryimage\"},\"datePublished\":\"2022-06-06T09:38:26+00:00\",\"dateModified\":\"2022-06-06T09:41:40+00:00\",\"breadcrumb\":{\"@id\":\"https:\/\/aktivitetshuset.vidsel.se\/index.php\/projektstod\/#breadcrumb\"},\"inLanguage\":\"sv-SE\",\"potentialAction\":[{\"@type\":\"ReadAction\",\"target\":[\"https:\/\/aktivitetshuset.vidsel.se\/index.php\/projektstod\/\"]}]},{\"@type\":\"BreadcrumbList\",\"@id\":\"https:\/\/aktivitetshuset.vidsel.se\/index.php\/projektstod\/#breadcrumb\",\"itemListElement\":[{\"@type\":\"ListItem\",\"position\":1,\"name\":\"Hem\",\"item\":\"https:\/\/aktivitetshuset.vidsel.se\/\"},{\"@type\":\"ListItem\",\"position\":2,\"name\":\"Information om projektst\u00f6d\"}]}]}<\/script>\r\n<!-- \/ Yoast SEO plugin. -->","yoast_head_json":{"title":"Information om projektst\u00f6d -","robots":{"index":"index","follow":"follow","max-snippet":"max-snippet:-1","max-image-preview":"max-image-preview:large","max-video-preview":"max-video-preview:-1"},"canonical":"https:\/\/aktivitetshuset.vidsel.se\/index.php\/projektstod\/","og_locale":"sv_SE","og_type":"article","og_title":"Information om projektst\u00f6d -","og_description":"Projektst\u00f6d L\u00e4nsstyrelsen i Norrbottens l\u00e4n har beviljat v\u00e5r ans\u00f6kan om projektst\u00f6d f\u00f6r Vidsels aktivitetshus e.f. Ventilation med journalnummer 2022-98 inom landsbygdsprogrammet 2014\u20132020. Pengarna fr\u00e5n landsbygdsprogrammet 2014\u20132020 tillsammans med pengarna fr\u00e5n v\u00e5r medfinansi\u00e4r \u00c4lvsbyns kommun begr\u00e4nsas till h\u00f6gst 90,00 procent av","og_url":"https:\/\/aktivitetshuset.vidsel.se\/index.php\/projektstod\/","article_modified_time":"2022-06-06T09:41:40+00:00","og_image":[{"url":"https:\/\/aktivitetshuset.vidsel.se\/wp-content\/uploads\/2022\/06\/EU-logo-jordbruksfonden-farg.jpg"}],"twitter_card":"summary_large_image","twitter_misc":{"Ber\u00e4knad l\u00e4stid":"2 minuter"},"schema":{"@context":"https:\/\/schema.org","@graph":[{"@type":"Organization","@id":"https:\/\/aktivitetshuset.vidsel.se\/#organization","name":"Vidsels Aktivitetshus Ekonomisk F\u00f6rening","url":"https:\/\/aktivitetshuset.vidsel.se\/","sameAs":[],"logo":{"@type":"ImageObject","@id":"https:\/\/aktivitetshuset.vidsel.se\/#logo","inLanguage":"sv-SE","url":"https:\/\/aktivitetshuset.vidsel.se\/wp-content\/uploads\/2021\/06\/Logga2.png","contentUrl":"https:\/\/aktivitetshuset.vidsel.se\/wp-content\/uploads\/2021\/06\/Logga2.png","width":1084,"height":439,"caption":"Vidsels Aktivitetshus Ekonomisk F\u00f6rening"},"image":{"@id":"https:\/\/aktivitetshuset.vidsel.se\/#logo"}},{"@type":"WebSite","@id":"https:\/\/aktivitetshuset.vidsel.se\/#website","url":"https:\/\/aktivitetshuset.vidsel.se\/","name":"Vidsels Aktivitetshus","description":"","publisher":{"@id":"https:\/\/aktivitetshuset.vidsel.se\/#organization"},"potentialAction":[{"@type":"SearchAction","target":{"@type":"EntryPoint","urlTemplate":"https:\/\/aktivitetshuset.vidsel.se\/?s={search_term_string}"},"query-input":"required name=search_term_string"}],"inLanguage":"sv-SE"},{"@type":"ImageObject","@id":"https:\/\/aktivitetshuset.vidsel.se\/index.php\/projektstod\/#primaryimage","inLanguage":"sv-SE","url":"https:\/\/aktivitetshuset.vidsel.se\/wp-content\/uploads\/2022\/06\/EU-logo-jordbruksfonden-farg.jpg","contentUrl":"https:\/\/aktivitetshuset.vidsel.se\/wp-content\/uploads\/2022\/06\/EU-logo-jordbruksfonden-farg.jpg","width":709,"height":676},{"@type":"WebPage","@id":"https:\/\/aktivitetshuset.vidsel.se\/index.php\/projektstod\/#webpage","url":"https:\/\/aktivitetshuset.vidsel.se\/index.php\/projektstod\/","name":"Information om projektst\u00f6d -","isPartOf":{"@id":"https:\/\/aktivitetshuset.vidsel.se\/#website"},"primaryImageOfPage":{"@id":"https:\/\/aktivitetshuset.vidsel.se\/index.php\/projektstod\/#primaryimage"},"datePublished":"2022-06-06T09:38:26+00:00","dateModified":"2022-06-06T09:41:40+00:00","breadcrumb":{"@id":"https:\/\/aktivitetshuset.vidsel.se\/index.php\/projektstod\/#breadcrumb"},"inLanguage":"sv-SE","potentialAction":[{"@type":"ReadAction","target":["https:\/\/aktivitetshuset.vidsel.se\/index.php\/projektstod\/"]}]},{"@type":"BreadcrumbList","@id":"https:\/\/aktivitetshuset.vidsel.se\/index.php\/projektstod\/#breadcrumb","itemListElement":[{"@type":"ListItem","position":1,"name":"Hem","item":"https:\/\/aktivitetshuset.vidsel.se\/"},{"@type":"ListItem","position":2,"name":"Information om projektst\u00f6d"}]}]}},"_links":{"self":[{"href":"https:\/\/aktivitetshuset.vidsel.se\/index.php\/wp-json\/wp\/v2\/pages\/1091","targetHints":{"allow":["GET"]}}],"collection":[{"href":"https:\/\/aktivitetshuset.vidsel.se\/index.php\/wp-json\/wp\/v2\/pages"}],"about":[{"href":"https:\/\/aktivitetshuset.vidsel.se\/index.php\/wp-json\/wp\/v2\/types\/page"}],"author":[{"embeddable":true,"href":"https:\/\/aktivitetshuset.vidsel.se\/index.php\/wp-json\/wp\/v2\/users\/3"}],"replies":[{"embeddable":true,"href":"https:\/\/aktivitetshuset.vidsel.se\/index.php\/wp-json\/wp\/v2\/comments?post=1091"}],"version-history":[{"count":7,"href":"https:\/\/aktivitetshuset.vidsel.se\/index.php\/wp-json\/wp\/v2\/pages\/1091\/revisions"}],"predecessor-version":[{"id":1850,"href":"https:\/\/aktivitetshuset.vidsel.se\/index.php\/wp-json\/wp\/v2\/pages\/1091\/revisions\/1850"}],"wp:attachment":[{"href":"https:\/\/aktivitetshuset.vidsel.se\/index.php\/wp-json\/wp\/v2\/media?parent=1091"}],"curies":[{"name":"wp","href":"https:\/\/api.w.org\/{rel}","templated":true}]}}